{"id":80,"date":"2018-01-21T18:43:59","date_gmt":"2018-01-21T18:43:59","guid":{"rendered":"http:\/\/sitaleon.fr\/faitmaison\/?p=80"},"modified":"2018-03-31T13:00:41","modified_gmt":"2018-03-31T12:00:41","slug":"la-sauce-bechamel","status":"publish","type":"page","link":"http:\/\/sitaleon.fr\/faitmaison\/accueil\/les-sauces\/la-sauce-bechamel\/","title":{"rendered":"La sauce B\u00e9chamel"},"content":{"rendered":"<p>Une sauce vraiment tr\u00e8s facile \u00e0 faire, inratable.<\/p>\n<p><span style=\"color: #0000ff;\"><strong>Pr\u00e9paration (pr\u00e9paration)\u00a0:<\/strong><\/span> 20 minutes<br \/>\n<span style=\"color: #0000ff;\"><strong>Niveau de difficult\u00e9\u00a0:<\/strong> <\/span>Facile<br \/>\n<span style=\"color: #0000ff;\"><strong>Co\u00fbt\u00a0: <\/strong><\/span>Bon march\u00e9<\/p>\n<h3>Les ingr\u00e9dients pour un gros bol de sauce<\/h3>\n<table>\n<tbody>\n<tr>\n<td width=\"312\">3 jaunes d&rsquo;\u0153ufs frais<br \/>\n50 grammes de beurre<br \/>\n40 grammes de farine<br \/>\n50 cl de lait<br \/>\nsel, poivre et noix de muscade<\/td>\n<td width=\"338\"><img loading=\"lazy\" class=\"alignnone size-medium wp-image-174\" src=\"http:\/\/sitaleon.fr\/faitmaison\/wp-content\/uploads\/2018\/01\/IMG_0936-300x225.jpg\" alt=\"\" width=\"300\" height=\"225\" srcset=\"http:\/\/sitaleon.fr\/faitmaison\/wp-content\/uploads\/2018\/01\/IMG_0936-300x225.jpg 300w, http:\/\/sitaleon.fr\/faitmaison\/wp-content\/uploads\/2018\/01\/IMG_0936-768x576.jpg 768w, http:\/\/sitaleon.fr\/faitmaison\/wp-content\/uploads\/2018\/01\/IMG_0936-1024x768.jpg 1024w\" sizes=\"(max-width: 300px) 100vw, 300px\" \/><\/td>\n<\/tr>\n<\/tbody>\n<\/table>\n<h3>La m\u00e9thode du L\u00e9on<\/h3>\n<p>On commence par faire fondre \u00e0 feu moyen le beurre dans une casserole. Puis on ajoute en pluie la farine tout en remuant avec un fouet. On obtient une sorte de p\u00e2te. On ajoute alors lentement le lait tout en continuant \u00e0 remuer avec le fouet. On voit alors le m\u00e9lange s&rsquo;\u00e9paissir doucement. Lorsque le m\u00e9lange atteint la bonne consistance, on retire la casserole du feu, on finalise l&rsquo;assaisonnement avec le sel, le poivre et la noix de muscade et on ajoute enfin les jaunes d\u2019\u0153ufs, toujours en remuant au fouet.<\/p>\n","protected":false},"excerpt":{"rendered":"<p>Une sauce vraiment tr\u00e8s facile \u00e0 faire, inratable. Pr\u00e9paration (pr\u00e9paration)\u00a0: 20 minutes Niveau de difficult\u00e9\u00a0: Facile Co\u00fbt\u00a0: Bon march\u00e9 Les ingr\u00e9dients pour un gros bol de sauce 3 jaunes d&rsquo;\u0153ufs frais 50 grammes de beurre 40 grammes de farine 50 cl de lait sel, poivre et noix de muscade La m\u00e9thode du L\u00e9on On commence &hellip; <a href=\"http:\/\/sitaleon.fr\/faitmaison\/accueil\/les-sauces\/la-sauce-bechamel\/\" class=\"more-link\">Continuer la lecture de <span class=\"screen-reader-text\">La sauce B\u00e9chamel<\/span> <span class=\"meta-nav\">&rarr;<\/span><\/a><\/p>\n","protected":false},"author":1,"featured_media":0,"parent":250,"menu_order":0,"comment_status":"open","ping_status":"open","template":"","meta":[],"_links":{"self":[{"href":"http:\/\/sitaleon.fr\/faitmaison\/wp-json\/wp\/v2\/pages\/80"}],"collection":[{"href":"http:\/\/sitaleon.fr\/faitmaison\/wp-json\/wp\/v2\/pages"}],"about":[{"href":"http:\/\/sitaleon.fr\/faitmaison\/wp-json\/wp\/v2\/types\/page"}],"author":[{"embeddable":true,"href":"http:\/\/sitaleon.fr\/faitmaison\/wp-json\/wp\/v2\/users\/1"}],"replies":[{"embeddable":true,"href":"http:\/\/sitaleon.fr\/faitmaison\/wp-json\/wp\/v2\/comments?post=80"}],"version-history":[{"count":6,"href":"http:\/\/sitaleon.fr\/faitmaison\/wp-json\/wp\/v2\/pages\/80\/revisions"}],"predecessor-version":[{"id":175,"href":"http:\/\/sitaleon.fr\/faitmaison\/wp-json\/wp\/v2\/pages\/80\/revisions\/175"}],"up":[{"embeddable":true,"href":"http:\/\/sitaleon.fr\/faitmaison\/wp-json\/wp\/v2\/pages\/250"}],"wp:attachment":[{"href":"http:\/\/sitaleon.fr\/faitmaison\/wp-json\/wp\/v2\/media?parent=80"}],"curies":[{"name":"wp","href":"https:\/\/api.w.org\/{rel}","templated":true}]}}