{"id":600,"date":"2024-01-01T12:40:35","date_gmt":"2024-01-01T10:40:35","guid":{"rendered":"http:\/\/sitaleon.fr\/faitmaison\/?page_id=600"},"modified":"2024-01-01T12:42:19","modified_gmt":"2024-01-01T10:42:19","slug":"epaule-dagneau-confite","status":"publish","type":"page","link":"http:\/\/sitaleon.fr\/faitmaison\/epaule-dagneau-confite\/","title":{"rendered":"\u00c9paule d&rsquo;agneau confite"},"content":{"rendered":"<p>Typique des cuisines du sud de la France ainsi que du moyen Orient et du Maghreb, un morceau de viande caram\u00e9lis\u00e9, longtemps mijot\u00e9, simplement savoureux.<\/p>\r\n<p><span style=\"color: #0000ff;\"><strong>Pr\u00e9paration (pr\u00e9paration + cuisson)\u00a0:<\/strong>\u00a0<\/span> environ 7 heures <br \/><span style=\"color: #0000ff;\"><strong>Niveau de difficult\u00e9\u00a0:<\/strong> <\/span>simple <br \/><span style=\"color: #0000ff;\"><strong>Cout\u00a0:<\/strong><\/span> pas cher<\/p>\r\n<p><\/p>\r\n<figure class=\"wp-block-table\">\r\n<table>\r\n<tbody>\r\n<tr>\r\n<td><strong>Les ingr\u00e9dients <\/strong>\r\n<p>1 \u00e9paule d\u2019agneau (avec l\u2019os) ou un gigot <br \/>2 \u00e9chalotes en chemise <br \/>2 gousses d\u2019ail<br \/>2 cc piment<br \/>2 cuill\u00e8res \u00e0 soupe de moutarde <br \/>2 cuill\u00e8res \u00e0 soupe de miel <br \/>50 cl de vin blanc sec<br \/>Quelques feuilles de thym <br \/>Huile d\u2019olive <br \/>Sel et poivre<\/p>\r\n<\/td>\r\n<td><img loading=\"lazy\" class=\"alignnone size-medium wp-image-601\" src=\"http:\/\/sitaleon.fr\/faitmaison\/wp-content\/uploads\/2024\/01\/epaule-agneau-300x163.jpg\" alt=\"\" width=\"300\" height=\"163\" srcset=\"http:\/\/sitaleon.fr\/faitmaison\/wp-content\/uploads\/2024\/01\/epaule-agneau-300x163.jpg 300w, http:\/\/sitaleon.fr\/faitmaison\/wp-content\/uploads\/2024\/01\/epaule-agneau-1024x557.jpg 1024w, http:\/\/sitaleon.fr\/faitmaison\/wp-content\/uploads\/2024\/01\/epaule-agneau-768x418.jpg 768w, http:\/\/sitaleon.fr\/faitmaison\/wp-content\/uploads\/2024\/01\/epaule-agneau-1536x836.jpg 1536w, http:\/\/sitaleon.fr\/faitmaison\/wp-content\/uploads\/2024\/01\/epaule-agneau-2048x1115.jpg 2048w, http:\/\/sitaleon.fr\/faitmaison\/wp-content\/uploads\/2024\/01\/epaule-agneau-1320x719.jpg 1320w\" sizes=\"(max-width: 300px) 100vw, 300px\" \/><\/td>\r\n<\/tr>\r\n<\/tbody>\r\n<\/table>\r\n<\/figure>\r\n<p><\/p>\r\n<h3>La m\u00e9thode du L\u00e9on<\/h3>\r\n<p>Laissez l\u2019\u00e9paule prendre la temp\u00e9rature de la cuisine et pendant ce temps, on pr\u00e9pare un m\u00e9lange \u00e0 base de moutarde, de miel, de thym, de piment, d\u2019huile d\u2019olive et des gousses d\u2019ail press\u00e9es. <br \/>On masse lentement et avec amour l\u2019\u00e9paule avec ce m\u00e9lange puis on la d\u00e9pose d\u00e9licatement dans un plat que l\u2019on mouille avec la moiti\u00e9 du vin.<br \/>Dans un four chaud \u00e0 180\u00b0C, on enfourne le plat pour 15 minutes puis on diminue la temp\u00e9rature du four \u00e0 120\u00b0C, en ajoutant un petit verre d\u2019eau ou le reste du vin de temps en temps. <br \/>On arrose r\u00e9guli\u00e8rement l\u2019agneau avec le jus de cuisson tout en le retournant r\u00e9guli\u00e8rement. <br \/>Apr\u00e8s 7 heures de cuisson, on laisse la viande reposer pendant un quart d\u2019heure avant de servir. <br \/>On peut aussi baisser la garder au chaud dans un four \u00e0 60\u00b0C en attendant de servir.<\/p>\r\n<p><em><strong>Et en accompagnement ? <\/strong>\u00a0<\/em>On peut le servir avec une pur\u00e9e maison, un gratin dauphinois, des galettes de pommes de terre ou plus simplement rissol\u00e9es ou en salade. De la semoule est \u00e9galement une bonne id\u00e9e.<\/p>","protected":false},"excerpt":{"rendered":"<p>Typique des cuisines du sud de la France ainsi que du moyen Orient et du Maghreb, un morceau de viande caram\u00e9lis\u00e9, longtemps mijot\u00e9, simplement savoureux. Pr\u00e9paration (pr\u00e9paration + cuisson)\u00a0:\u00a0 environ 7 heures Niveau de difficult\u00e9\u00a0: simple Cout\u00a0: pas cher Les ingr\u00e9dients 1 \u00e9paule d\u2019agneau (avec l\u2019os) ou un gigot 2 \u00e9chalotes en chemise 2 gousses &hellip; <a href=\"http:\/\/sitaleon.fr\/faitmaison\/epaule-dagneau-confite\/\" class=\"more-link\">Continuer la lecture de <span class=\"screen-reader-text\">\u00c9paule d&rsquo;agneau confite<\/span> <span class=\"meta-nav\">&rarr;<\/span><\/a><\/p>\n","protected":false},"author":1,"featured_media":0,"parent":0,"menu_order":0,"comment_status":"closed","ping_status":"closed","template":"","meta":[],"_links":{"self":[{"href":"http:\/\/sitaleon.fr\/faitmaison\/wp-json\/wp\/v2\/pages\/600"}],"collection":[{"href":"http:\/\/sitaleon.fr\/faitmaison\/wp-json\/wp\/v2\/pages"}],"about":[{"href":"http:\/\/sitaleon.fr\/faitmaison\/wp-json\/wp\/v2\/types\/page"}],"author":[{"embeddable":true,"href":"http:\/\/sitaleon.fr\/faitmaison\/wp-json\/wp\/v2\/users\/1"}],"replies":[{"embeddable":true,"href":"http:\/\/sitaleon.fr\/faitmaison\/wp-json\/wp\/v2\/comments?post=600"}],"version-history":[{"count":9,"href":"http:\/\/sitaleon.fr\/faitmaison\/wp-json\/wp\/v2\/pages\/600\/revisions"}],"predecessor-version":[{"id":610,"href":"http:\/\/sitaleon.fr\/faitmaison\/wp-json\/wp\/v2\/pages\/600\/revisions\/610"}],"wp:attachment":[{"href":"http:\/\/sitaleon.fr\/faitmaison\/wp-json\/wp\/v2\/media?parent=600"}],"curies":[{"name":"wp","href":"https:\/\/api.w.org\/{rel}","templated":true}]}}