{"id":589,"date":"2021-01-03T16:56:15","date_gmt":"2021-01-03T14:56:15","guid":{"rendered":"http:\/\/sitaleon.fr\/faitmaison\/?page_id=589"},"modified":"2021-01-03T17:02:31","modified_gmt":"2021-01-03T15:02:31","slug":"agneau-de-7-heures","status":"publish","type":"page","link":"http:\/\/sitaleon.fr\/faitmaison\/agneau-de-7-heures\/","title":{"rendered":"Agneau de 7 heures"},"content":{"rendered":"<p>Typique de la cuisine de nos terroirs, un morceau de viande longtemps mijot\u00e9, simplement savoureux.<\/p>\r\n<p><span style=\"color: #0000ff;\"><strong>Pr\u00e9paration (pr\u00e9paration + cuisson)\u00a0:<\/strong><span style=\"color: #000000;\">\u00a0 au moins 7 heures\u00a0<\/span> <br \/><span style=\"color: #0000ff;\"><strong>Niveau de difficult\u00e9\u00a0:<\/strong> <span style=\"color: #000000;\">simple <br \/><\/span><\/span> <span style=\"color: #0000ff;\"><strong>Cout\u00a0:<\/strong> <\/span>pas cher<\/p>\r\n\r\n<figure class=\"wp-block-table\">\r\n<table>\r\n<tbody>\r\n<tr>\r\n<td>\r\n<p><strong>Les ingr\u00e9dients\u00a0<br \/><\/strong> une \u00e9paule d&rsquo;agneau ou un gigot <br \/>2 \u00e9chalotes <br \/>2 oignons blancs <br \/>50 cl de vin blanc sec <br \/>de l&rsquo;huile d&rsquo;olive <br \/>un bouquet garni frais si possible <br \/>un cuill\u00e8re \u00e0 caf\u00e9 de piment d&rsquo;Espelette <br \/>Sel et poivre<\/p>\r\n<\/td>\r\n<td><img loading=\"lazy\" class=\"alignnone size-medium wp-image-593\" src=\"http:\/\/sitaleon.fr\/faitmaison\/wp-content\/uploads\/2021\/01\/DSC_7921-2-300x229.jpg\" alt=\"\" width=\"300\" height=\"229\" srcset=\"http:\/\/sitaleon.fr\/faitmaison\/wp-content\/uploads\/2021\/01\/DSC_7921-2-300x229.jpg 300w, http:\/\/sitaleon.fr\/faitmaison\/wp-content\/uploads\/2021\/01\/DSC_7921-2-1024x783.jpg 1024w, http:\/\/sitaleon.fr\/faitmaison\/wp-content\/uploads\/2021\/01\/DSC_7921-2-768x587.jpg 768w, http:\/\/sitaleon.fr\/faitmaison\/wp-content\/uploads\/2021\/01\/DSC_7921-2-1536x1174.jpg 1536w, http:\/\/sitaleon.fr\/faitmaison\/wp-content\/uploads\/2021\/01\/DSC_7921-2-2048x1566.jpg 2048w, http:\/\/sitaleon.fr\/faitmaison\/wp-content\/uploads\/2021\/01\/DSC_7921-2-1320x1009.jpg 1320w\" sizes=\"(max-width: 300px) 100vw, 300px\" \/><\/td>\r\n<\/tr>\r\n<\/tbody>\r\n<\/table>\r\n<\/figure>\r\n\r\n<h3><span style=\"color: #0000ff;\">La m\u00e9thode du L\u00e9on<\/span><\/h3>\r\n<p>Faire dorer la pi\u00e8ce d\u2019agneau dans une cocotte en fonte avec de l\u2019huile d\u2019olive. Puis saupoudrer de piment d\u2019Espelette\u00a0 et r\u00e9server l\u2019agneau \u00e0 part.<\/p>\r\n<p>Dans la cocotte, on fait dorer les oignons coup\u00e9s en gros morceaux, l\u2019ail et l\u2019\u00e9chalotes \u00e9minc\u00e9es, un peu de sel et de poivre. Apr\u00e8s 5 minutes \u00e0 feu vif, on couvre avec le vin blanc, on r\u00e9duit le feu et on laisse couvert pendant encore 5 minutes.<\/p>\r\n<p>On ajoute l\u2019agneau, le bouquet garni, un verre d\u2019eau, on couvre et on met au four \u00e0 120\u00b0C.<\/p>\r\n<p>On arrose r\u00e9guli\u00e8rement l\u2019agneau avec le jus de cuisson.<\/p>\r\n<p>Apr\u00e8s 7 heures de cuisson minimum, on sert !<\/p>\r\n<p><em><strong><span style=\"color: #0000ff;\">Et en accompagnement ? <\/span><\/strong>\u00a0<\/em>On peut le servir avec un gratin dauphinois, des galettes de pommes de terre ou plus simplement rissol\u00e9es ou en salade. De la semoule est \u00e9galement une bonne id\u00e9e.<\/p>","protected":false},"excerpt":{"rendered":"<p>Typique de la cuisine de nos terroirs, un morceau de viande longtemps mijot\u00e9, simplement savoureux. Pr\u00e9paration (pr\u00e9paration + cuisson)\u00a0:\u00a0 au moins 7 heures\u00a0 Niveau de difficult\u00e9\u00a0: simple Cout\u00a0: pas cher Les ingr\u00e9dients\u00a0 une \u00e9paule d&rsquo;agneau ou un gigot 2 \u00e9chalotes 2 oignons blancs 50 cl de vin blanc sec de l&rsquo;huile d&rsquo;olive un bouquet garni &hellip; <a href=\"http:\/\/sitaleon.fr\/faitmaison\/agneau-de-7-heures\/\" class=\"more-link\">Continuer la lecture de <span class=\"screen-reader-text\">Agneau de 7 heures<\/span> <span class=\"meta-nav\">&rarr;<\/span><\/a><\/p>\n","protected":false},"author":1,"featured_media":0,"parent":0,"menu_order":0,"comment_status":"closed","ping_status":"closed","template":"","meta":[],"_links":{"self":[{"href":"http:\/\/sitaleon.fr\/faitmaison\/wp-json\/wp\/v2\/pages\/589"}],"collection":[{"href":"http:\/\/sitaleon.fr\/faitmaison\/wp-json\/wp\/v2\/pages"}],"about":[{"href":"http:\/\/sitaleon.fr\/faitmaison\/wp-json\/wp\/v2\/types\/page"}],"author":[{"embeddable":true,"href":"http:\/\/sitaleon.fr\/faitmaison\/wp-json\/wp\/v2\/users\/1"}],"replies":[{"embeddable":true,"href":"http:\/\/sitaleon.fr\/faitmaison\/wp-json\/wp\/v2\/comments?post=589"}],"version-history":[{"count":5,"href":"http:\/\/sitaleon.fr\/faitmaison\/wp-json\/wp\/v2\/pages\/589\/revisions"}],"predecessor-version":[{"id":591,"href":"http:\/\/sitaleon.fr\/faitmaison\/wp-json\/wp\/v2\/pages\/589\/revisions\/591"}],"wp:attachment":[{"href":"http:\/\/sitaleon.fr\/faitmaison\/wp-json\/wp\/v2\/media?parent=589"}],"curies":[{"name":"wp","href":"https:\/\/api.w.org\/{rel}","templated":true}]}}