{"id":583,"date":"2020-10-11T11:08:30","date_gmt":"2020-10-11T09:08:30","guid":{"rendered":"http:\/\/sitaleon.fr\/faitmaison\/?page_id=583"},"modified":"2020-10-11T11:08:30","modified_gmt":"2020-10-11T09:08:30","slug":"crumble-facon-tata-isa","status":"publish","type":"page","link":"http:\/\/sitaleon.fr\/faitmaison\/crumble-facon-tata-isa\/","title":{"rendered":"Crumble fa\u00e7on Tata Isa"},"content":{"rendered":"<p>Oh que c&rsquo;est bon un crumble ! Mais euh&#8230; ne serait-ce un peu anglais, ce truc ? Hum ? <br \/>Ben oui, d&rsquo;abord, \u00ab\u00a0crumble\u00a0\u00bb signifie \u00ab\u00a0tomber en miette\u00a0\u00bb. \u00a0<\/p>\r\n<p><strong>Pr\u00e9paration (pr\u00e9paration + cuisson)\u00a0:<\/strong> 1\u00a0 petite heure<br \/><strong>Niveau de difficult\u00e9\u00a0:<\/strong> Ultra simple <br \/><strong>Cout\u00a0:<\/strong> pas cher<\/p>\r\n\r\n<figure class=\"wp-block-table\">\r\n<table>\r\n<tbody>\r\n<tr>\r\n<td><strong>Les ingr\u00e9dients pour 1 g\u00e2teau<\/strong> <br \/>1 gros \u0153uf <br \/>150 gr de farine <br \/>40 g de beurre <br \/>40 g de cassonade <br \/>une pinc\u00e9e de sel <br \/>de la cannelle<\/td>\r\n<td><img loading=\"lazy\" class=\"alignnone size-medium wp-image-584\" src=\"http:\/\/sitaleon.fr\/faitmaison\/wp-content\/uploads\/2020\/10\/crumbl-300x225.jpg\" alt=\"\" width=\"300\" height=\"225\" srcset=\"http:\/\/sitaleon.fr\/faitmaison\/wp-content\/uploads\/2020\/10\/crumbl-300x225.jpg 300w, http:\/\/sitaleon.fr\/faitmaison\/wp-content\/uploads\/2020\/10\/crumbl-1024x768.jpg 1024w, http:\/\/sitaleon.fr\/faitmaison\/wp-content\/uploads\/2020\/10\/crumbl-768x576.jpg 768w, http:\/\/sitaleon.fr\/faitmaison\/wp-content\/uploads\/2020\/10\/crumbl-1320x990.jpg 1320w, http:\/\/sitaleon.fr\/faitmaison\/wp-content\/uploads\/2020\/10\/crumbl.jpg 1386w\" sizes=\"(max-width: 300px) 100vw, 300px\" \/><\/td>\r\n<\/tr>\r\n<\/tbody>\r\n<\/table>\r\n<\/figure>\r\n\r\n<h3>La m\u00e9thode de Tata Isa<\/h3>\r\n<p>Pr\u00e9chauffer votre four \u00e0 210\u00b0C.<\/p>\r\n<p>Dans le m\u00eame temps, couper 5\/6 pommes en quartiers.<\/p>\r\n<p>Mettre \u00e0 cuire dans une po\u00eale avec 40 g de beurre et 40 grammes de cassonade pendant 15 minutes, en fin de cuisson, saupoudrer de cannelle, bien m\u00e9langer pour r\u00e9partir.<\/p>\r\n<p>En garnir le fond d\u2019un plat allant au four.<\/p>\r\n<p>Dans un saladier, m\u00e9langer 150 g de farine avec 80 grammes de beurre fondu, et 80 grammes de cassonade, rajouter un gros \u0153uf et une pinc\u00e9e de sel.<\/p>\r\n<p>\u00c9mietter la p\u00e2te au-dessus des pommes.<\/p>\r\n<p>Mettre au four \u00e0 210 pendant 30 minutes.<\/p>\r\n<p>Servez ti\u00e8de avec une boule de glace vanille<\/p>\r\n<p><strong><em>Point d\u2019histoire\u00a0:<\/em><\/strong><em> Le crumble a \u00e9t\u00e9 cr\u00e9\u00e9 au Royaume-Uni : durant la Seconde Guerre mondiale, \u00e0 cause du rationnement, les ingr\u00e9dients n\u00e9cessaires \u00e0 la pr\u00e9paration de tartes n\u00e9cessitaient trop de farine, de beurre et de sucre <\/em><em>(d&rsquo;apr\u00e8s Wikip\u00e9dia)<\/em><em>. <br \/><\/em><em>L\u2019adjectif anglais crumbly signifie \u00ab friable \u00bb. <\/em><\/p>","protected":false},"excerpt":{"rendered":"<p>Oh que c&rsquo;est bon un crumble ! Mais euh&#8230; ne serait-ce un peu anglais, ce truc ? Hum ? Ben oui, d&rsquo;abord, \u00ab\u00a0crumble\u00a0\u00bb signifie \u00ab\u00a0tomber en miette\u00a0\u00bb. \u00a0 Pr\u00e9paration (pr\u00e9paration + cuisson)\u00a0: 1\u00a0 petite heureNiveau de difficult\u00e9\u00a0: Ultra simple Cout\u00a0: pas cher Les ingr\u00e9dients pour 1 g\u00e2teau 1 gros \u0153uf 150 gr de farine 40 &hellip; <a href=\"http:\/\/sitaleon.fr\/faitmaison\/crumble-facon-tata-isa\/\" class=\"more-link\">Continuer la lecture de <span class=\"screen-reader-text\">Crumble fa\u00e7on Tata Isa<\/span> <span class=\"meta-nav\">&rarr;<\/span><\/a><\/p>\n","protected":false},"author":1,"featured_media":0,"parent":0,"menu_order":0,"comment_status":"closed","ping_status":"closed","template":"","meta":[],"_links":{"self":[{"href":"http:\/\/sitaleon.fr\/faitmaison\/wp-json\/wp\/v2\/pages\/583"}],"collection":[{"href":"http:\/\/sitaleon.fr\/faitmaison\/wp-json\/wp\/v2\/pages"}],"about":[{"href":"http:\/\/sitaleon.fr\/faitmaison\/wp-json\/wp\/v2\/types\/page"}],"author":[{"embeddable":true,"href":"http:\/\/sitaleon.fr\/faitmaison\/wp-json\/wp\/v2\/users\/1"}],"replies":[{"embeddable":true,"href":"http:\/\/sitaleon.fr\/faitmaison\/wp-json\/wp\/v2\/comments?post=583"}],"version-history":[{"count":2,"href":"http:\/\/sitaleon.fr\/faitmaison\/wp-json\/wp\/v2\/pages\/583\/revisions"}],"predecessor-version":[{"id":586,"href":"http:\/\/sitaleon.fr\/faitmaison\/wp-json\/wp\/v2\/pages\/583\/revisions\/586"}],"wp:attachment":[{"href":"http:\/\/sitaleon.fr\/faitmaison\/wp-json\/wp\/v2\/media?parent=583"}],"curies":[{"name":"wp","href":"https:\/\/api.w.org\/{rel}","templated":true}]}}