{"id":58,"date":"2018-01-21T17:20:16","date_gmt":"2018-01-21T16:20:16","guid":{"rendered":"http:\/\/sitaleon.fr\/faitmaison\/?p=58"},"modified":"2018-03-31T13:01:08","modified_gmt":"2018-03-31T12:01:08","slug":"la-pate-a-crepes","status":"publish","type":"page","link":"http:\/\/sitaleon.fr\/faitmaison\/accueil\/les-basiques\/la-pate-a-crepes\/","title":{"rendered":"La p\u00e2te \u00e0 cr\u00eapes"},"content":{"rendered":"<p>C&rsquo;est ballot, la p\u00e2te \u00e0 cr\u00eapes.<\/p>\n<p>Et pourtant j&rsquo;ai mis du temps \u00e0 trouver les bonnes proportions !<\/p>\n<ul>\n<li>250 g de farine<\/li>\n<li>4 \u0153ufs<\/li>\n<li>1\/2 litre de lait<\/li>\n<li>une pinc\u00e9e de sel<\/li>\n<\/ul>\n<p>&nbsp;<\/p>\n<p>Je touille l&rsquo;ensemble au fouet, je laisse reposer une heure. et Yapuka.<\/p>\n<p><img loading=\"lazy\" class=\"size-medium wp-image-61 aligncenter\" src=\"http:\/\/sitaleon.fr\/faitmaison\/wp-content\/uploads\/2018\/01\/Capture-300x149.jpg\" alt=\"\" width=\"300\" height=\"149\" srcset=\"http:\/\/sitaleon.fr\/faitmaison\/wp-content\/uploads\/2018\/01\/Capture-300x149.jpg 300w, http:\/\/sitaleon.fr\/faitmaison\/wp-content\/uploads\/2018\/01\/Capture.jpg 575w\" sizes=\"(max-width: 300px) 100vw, 300px\" \/><\/p>\n<p>Elles seront accompagn\u00e9es, bien s\u00fbr, de sucre, de chocolat (fondu \u00e0 la casserole), de bonnes confitures locales, de cr\u00e8me de marrons, etc.<\/p>\n","protected":false},"excerpt":{"rendered":"<p>C&rsquo;est ballot, la p\u00e2te \u00e0 cr\u00eapes. Et pourtant j&rsquo;ai mis du temps \u00e0 trouver les bonnes proportions ! 250 g de farine 4 \u0153ufs 1\/2 litre de lait une pinc\u00e9e de sel &nbsp; Je touille l&rsquo;ensemble au fouet, je laisse reposer une heure. et Yapuka. Elles seront accompagn\u00e9es, bien s\u00fbr, de sucre, de chocolat (fondu &hellip; <a href=\"http:\/\/sitaleon.fr\/faitmaison\/accueil\/les-basiques\/la-pate-a-crepes\/\" class=\"more-link\">Continuer la lecture de <span class=\"screen-reader-text\">La p\u00e2te \u00e0 cr\u00eapes<\/span> <span class=\"meta-nav\">&rarr;<\/span><\/a><\/p>\n","protected":false},"author":1,"featured_media":0,"parent":252,"menu_order":0,"comment_status":"open","ping_status":"closed","template":"","meta":[],"_links":{"self":[{"href":"http:\/\/sitaleon.fr\/faitmaison\/wp-json\/wp\/v2\/pages\/58"}],"collection":[{"href":"http:\/\/sitaleon.fr\/faitmaison\/wp-json\/wp\/v2\/pages"}],"about":[{"href":"http:\/\/sitaleon.fr\/faitmaison\/wp-json\/wp\/v2\/types\/page"}],"author":[{"embeddable":true,"href":"http:\/\/sitaleon.fr\/faitmaison\/wp-json\/wp\/v2\/users\/1"}],"replies":[{"embeddable":true,"href":"http:\/\/sitaleon.fr\/faitmaison\/wp-json\/wp\/v2\/comments?post=58"}],"version-history":[{"count":4,"href":"http:\/\/sitaleon.fr\/faitmaison\/wp-json\/wp\/v2\/pages\/58\/revisions"}],"predecessor-version":[{"id":70,"href":"http:\/\/sitaleon.fr\/faitmaison\/wp-json\/wp\/v2\/pages\/58\/revisions\/70"}],"up":[{"embeddable":true,"href":"http:\/\/sitaleon.fr\/faitmaison\/wp-json\/wp\/v2\/pages\/252"}],"wp:attachment":[{"href":"http:\/\/sitaleon.fr\/faitmaison\/wp-json\/wp\/v2\/media?parent=58"}],"curies":[{"name":"wp","href":"https:\/\/api.w.org\/{rel}","templated":true}]}}