{"id":535,"date":"2020-05-11T15:47:06","date_gmt":"2020-05-11T14:47:06","guid":{"rendered":"http:\/\/sitaleon.fr\/faitmaison\/?page_id=535"},"modified":"2020-05-11T16:03:01","modified_gmt":"2020-05-11T15:03:01","slug":"conchiglie-farcis","status":"publish","type":"page","link":"http:\/\/sitaleon.fr\/faitmaison\/conchiglie-farcis\/","title":{"rendered":"Conchiglie farcis"},"content":{"rendered":"<p>Les conchiglie sont des p\u00e2tes italiennes qui, comme leur nom l&rsquo;indique, ressemblent \u00e0 des coquilles. L\u00e0, on va les farcir avec un m\u00e9lange d&rsquo;\u00e9pinards et de ricotta et accompagn\u00e9s d&rsquo;un sauce tomate absolument d\u00e9licieuse.<\/p>\r\n<p><strong><span style=\"color: #0000ff;\">Pr\u00e9paration (pr\u00e9paration + cuisson) :<\/span> <\/strong>presque 2heures <br \/><strong><span style=\"color: #0000ff;\">Niveau de difficult\u00e9 :<\/span> <\/strong>Facile <br \/><span style=\"color: #0000ff;\"><strong>Co\u00fbt : <\/strong><\/span>Moyen<\/p>\r\n\r\n<figure class=\"wp-block-table\">\r\n<table>\r\n<tbody>\r\n<tr>\r\n<td><strong>Les ingr\u00e9dients pour 4 personnes<\/strong> <br \/>50 gr de conchiglie <br \/>250 gr de ricotta (de bufflonne, bien s\u00fbr) <br \/>Une boite de tomate en pur\u00e9e <br \/>Un verre de vin du\u00a0 piment d&rsquo;Espelette (ou du Tabasco) <br \/>des \u00e9pices (cumin, paprika&#8230; ) <br \/>des anchois, des c\u00e2pres, des olives <br \/>Un oignon et de l&rsquo;ail <br \/>des herbes (thym, laurier&#8230; ) <br \/>de l&rsquo;huile d&rsquo;olive <br \/>du parmesan<br \/>un peu de sucre, du sel et du poivre<\/td>\r\n<td><img loading=\"lazy\" class=\"alignnone size-medium wp-image-536\" src=\"http:\/\/sitaleon.fr\/faitmaison\/wp-content\/uploads\/2020\/05\/IMG_1384-225x300.jpg\" alt=\"\" width=\"225\" height=\"300\" srcset=\"http:\/\/sitaleon.fr\/faitmaison\/wp-content\/uploads\/2020\/05\/IMG_1384-225x300.jpg 225w, http:\/\/sitaleon.fr\/faitmaison\/wp-content\/uploads\/2020\/05\/IMG_1384-768x1024.jpg 768w, http:\/\/sitaleon.fr\/faitmaison\/wp-content\/uploads\/2020\/05\/IMG_1384-1152x1536.jpg 1152w, http:\/\/sitaleon.fr\/faitmaison\/wp-content\/uploads\/2020\/05\/IMG_1384-1536x2048.jpg 1536w, http:\/\/sitaleon.fr\/faitmaison\/wp-content\/uploads\/2020\/05\/IMG_1384-1320x1760.jpg 1320w, http:\/\/sitaleon.fr\/faitmaison\/wp-content\/uploads\/2020\/05\/IMG_1384-scaled.jpg 1920w\" sizes=\"(max-width: 225px) 100vw, 225px\" \/><\/td>\r\n<\/tr>\r\n<\/tbody>\r\n<\/table>\r\n<\/figure>\r\n<p><em>\u00a0<\/em><\/p>\r\n<h3>La m\u00e9thode du L\u00e9on<\/h3>\r\n<p>Tout commence par la pr\u00e9paration de la la farce. Pour cela, on d\u00e9cong\u00e8le 250 gr d&rsquo;\u00e9pinards dans un po\u00eale \u00e0 feu tr\u00e8s tr\u00e8s doux. Le but est de les d\u00e9congeler et de leur faire \u00e9vaporer l&rsquo;eau.<\/p>\r\n<p>Puis, on s&rsquo;attaque \u00e0 la pr\u00e9paration de la sauce. On coupe l&rsquo;oignon et une gousse d&rsquo;ail en petits morceaux (on les cis\u00e8le) et on les fait revenir dans une casserole avec un fond d&rsquo;huile d&rsquo;olive. On termine par les anchois que l&rsquo;on fait fondre. <br \/>Puis on ajoute l&rsquo;ail, une petite cuill\u00e8re \u00e0 caf\u00e9 de sucre et tout ce qui tombe sous la main : les \u00e9pices, les herbes, les c\u00e2pres, les olives, le verre de vin blanc et on fait r\u00e9duire un peu cette base. Si l&rsquo;on a pas tout, ce n&rsquo;est pas grave, on met ce qu&rsquo;il y a dans la cuisine. <br \/>Ensuite, on ajoute la tomate, sel et poivre et on laisse mijoter pendant une bonne demi-heure. On doit obtenir une sauce bien \u00e9paisse et pas du tout liquide.<\/p>\r\n<p>Pendant ce temps, les \u00e9pinards devraient \u00eatre pr\u00eat. On les retire du feu puis on les m\u00e9lange \u00e0 la ricotta et on y ajoute une gousse d&rsquo;ail cisel\u00e9e (ou \u00e9cras\u00e9e) ainsi que l\u00e0 encore, du sel et du poivre. La farce obtenue doit \u00eatre bien m\u00e9lang\u00e9e.<\/p>\r\n<p>Puis vient la pr\u00e9paration des p\u00e2tes. Premi\u00e8re difficult\u00e9, trouver des conchiglie. Pas simple ! Quand vous les avez trouv\u00e9, on en fait cuire 150 gr pendant 8 minutes, pas plus. Oui, ils ne sont pas totalement cuit mais on les \u00e9goutte quand m\u00eame !<\/p>\r\n<p>Reste maintenant la pr\u00e9sentation du plat. On commence par \u00e9taler la sauce dans le fond d&rsquo;un plat \u00e0 tarte par exemple. On remplit de farce chaque coquille, je veux dire chaque conchiglie et le plus simple est d&rsquo;y mettre les doigts puis on les place dans le plat sur la sauce. On saupoudre de parmesan r\u00e2p\u00e9, on fignole avec un trait d&rsquo;huile d&rsquo;olive et c&rsquo;est parti pour une petite demi-heure dans un four chaud \u00e0 180 \u00e0 200 \u00b0C.<\/p>\r\n<p>Si vous avez des feuilles de basilic fraiches, n&rsquo;h\u00e9sitez pas \u00e0 les utiliser en d\u00e9coration, l&rsquo;odeur et le gout de cette herbe est magique avec les p\u00e2tes.<\/p>","protected":false},"excerpt":{"rendered":"<p>Les conchiglie sont des p\u00e2tes italiennes qui, comme leur nom l&rsquo;indique, ressemblent \u00e0 des coquilles. L\u00e0, on va les farcir avec un m\u00e9lange d&rsquo;\u00e9pinards et de ricotta et accompagn\u00e9s d&rsquo;un sauce tomate absolument d\u00e9licieuse. Pr\u00e9paration (pr\u00e9paration + cuisson) : presque 2heures Niveau de difficult\u00e9 : Facile Co\u00fbt : Moyen Les ingr\u00e9dients pour 4 personnes 50 &hellip; <a href=\"http:\/\/sitaleon.fr\/faitmaison\/conchiglie-farcis\/\" class=\"more-link\">Continuer la lecture de <span class=\"screen-reader-text\">Conchiglie farcis<\/span> <span class=\"meta-nav\">&rarr;<\/span><\/a><\/p>\n","protected":false},"author":1,"featured_media":0,"parent":0,"menu_order":0,"comment_status":"closed","ping_status":"closed","template":"","meta":[],"_links":{"self":[{"href":"http:\/\/sitaleon.fr\/faitmaison\/wp-json\/wp\/v2\/pages\/535"}],"collection":[{"href":"http:\/\/sitaleon.fr\/faitmaison\/wp-json\/wp\/v2\/pages"}],"about":[{"href":"http:\/\/sitaleon.fr\/faitmaison\/wp-json\/wp\/v2\/types\/page"}],"author":[{"embeddable":true,"href":"http:\/\/sitaleon.fr\/faitmaison\/wp-json\/wp\/v2\/users\/1"}],"replies":[{"embeddable":true,"href":"http:\/\/sitaleon.fr\/faitmaison\/wp-json\/wp\/v2\/comments?post=535"}],"version-history":[{"count":10,"href":"http:\/\/sitaleon.fr\/faitmaison\/wp-json\/wp\/v2\/pages\/535\/revisions"}],"predecessor-version":[{"id":547,"href":"http:\/\/sitaleon.fr\/faitmaison\/wp-json\/wp\/v2\/pages\/535\/revisions\/547"}],"wp:attachment":[{"href":"http:\/\/sitaleon.fr\/faitmaison\/wp-json\/wp\/v2\/media?parent=535"}],"curies":[{"name":"wp","href":"https:\/\/api.w.org\/{rel}","templated":true}]}}