{"id":507,"date":"2020-04-25T15:19:43","date_gmt":"2020-04-25T14:19:43","guid":{"rendered":"http:\/\/sitaleon.fr\/faitmaison\/?page_id=507"},"modified":"2020-04-26T11:55:45","modified_gmt":"2020-04-26T10:55:45","slug":"souris-dagneau-aux-haricots-blancs","status":"publish","type":"page","link":"http:\/\/sitaleon.fr\/faitmaison\/souris-dagneau-aux-haricots-blancs\/","title":{"rendered":"Souris d&rsquo;agneau aux haricots blancs"},"content":{"rendered":"<p>J&rsquo;adore le gigot d&rsquo;agneau, mais pour deux personnes, on en mange pendant quinze jours ! Alors que faire ?<\/p>\r\n<p>Des souris d&rsquo;agneau bien sur !<\/p>\r\n<p><strong><span style=\"color: #0000ff;\">Pr\u00e9paration (pr\u00e9paration + cuisson) :<\/span><\/strong> Environ deux heures\u00a0 <br \/><strong><span style=\"color: #0000ff;\">Niveau de difficult\u00e9 :<\/span> <\/strong>Facile <br \/><strong><span style=\"color: #0000ff;\">Co\u00fbt :<\/span> <\/strong>Faible<\/p>\r\n\r\n<figure class=\"wp-block-table\">\r\n<table>\r\n<tbody>\r\n<tr>\r\n<td><strong>Les ingr\u00e9dients pour 2 personnes<\/strong> <br \/>Deux (ou quatre) souris d&rsquo;agneau <br \/>Une boite d&rsquo;haricots blancs<br \/>un oignon <br \/>une gousse d&rsquo;ail <br \/>du thym ou du romarin <br \/>de l&rsquo;huile d&rsquo;olive <br \/>du miel <br \/>du sel et du poivre<\/td>\r\n<td><img loading=\"lazy\" class=\"alignnone size-medium wp-image-483\" src=\"http:\/\/sitaleon.fr\/faitmaison\/wp-content\/uploads\/2020\/04\/IMG_1351-225x300.jpg\" alt=\"\" width=\"225\" height=\"300\" srcset=\"http:\/\/sitaleon.fr\/faitmaison\/wp-content\/uploads\/2020\/04\/IMG_1351-225x300.jpg 225w, http:\/\/sitaleon.fr\/faitmaison\/wp-content\/uploads\/2020\/04\/IMG_1351-768x1024.jpg 768w, http:\/\/sitaleon.fr\/faitmaison\/wp-content\/uploads\/2020\/04\/IMG_1351-1152x1536.jpg 1152w, http:\/\/sitaleon.fr\/faitmaison\/wp-content\/uploads\/2020\/04\/IMG_1351-1536x2048.jpg 1536w, http:\/\/sitaleon.fr\/faitmaison\/wp-content\/uploads\/2020\/04\/IMG_1351-scaled.jpg 1920w\" sizes=\"(max-width: 225px) 100vw, 225px\" \/><\/td>\r\n<\/tr>\r\n<\/tbody>\r\n<\/table>\r\n<\/figure>\r\n<p><em>\u00a0<\/em><\/p>\r\n<h3>La m\u00e9thode du L\u00e9on<\/h3>\r\n<p>D&rsquo;abord, on fait revenir les souris dans une cocotte avec de l&rsquo;huile d&rsquo;olive.<\/p>\r\n<p>Lorsque les souris ont bien dor\u00e9, on ajoute une ou deux cuill\u00e8res de miel et le thym (ou le romarin) ainsi que deux verres d&rsquo;eau (ou de vin blanc), on couvre et on laisse mijoter une bonne heure tout en remuant de temps en temps.<\/p>\r\n<p>Pendant ce temps, on hache l&rsquo;oignon et l&rsquo;ail que l&rsquo;on met dans la cocottte.<\/p>\r\n<p>Enfin, on ajoute les haricots pour une cuisson d&rsquo;un bon quart d&rsquo;heure. \u00a0<\/p>\r\n<p><em><strong>Variantes :<\/strong> <\/em>On utilise des haricots blancs classique mais on peut aussi utiliser des Mogettes, l\u00e9gume typique de la Vend\u00e9e. Il est \u00e9galement possible d&rsquo;ajouter deux clous de girofles et des lardons fum\u00e9s. \u00a0 \u00a0<\/p>","protected":false},"excerpt":{"rendered":"<p>J&rsquo;adore le gigot d&rsquo;agneau, mais pour deux personnes, on en mange pendant quinze jours ! Alors que faire ? Des souris d&rsquo;agneau bien sur ! Pr\u00e9paration (pr\u00e9paration + cuisson) : Environ deux heures\u00a0 Niveau de difficult\u00e9 : Facile Co\u00fbt : Faible Les ingr\u00e9dients pour 2 personnes Deux (ou quatre) souris d&rsquo;agneau Une boite d&rsquo;haricots blancsun &hellip; <a href=\"http:\/\/sitaleon.fr\/faitmaison\/souris-dagneau-aux-haricots-blancs\/\" class=\"more-link\">Continuer la lecture de <span class=\"screen-reader-text\">Souris d&rsquo;agneau aux haricots blancs<\/span> <span class=\"meta-nav\">&rarr;<\/span><\/a><\/p>\n","protected":false},"author":1,"featured_media":0,"parent":0,"menu_order":0,"comment_status":"closed","ping_status":"closed","template":"","meta":[],"_links":{"self":[{"href":"http:\/\/sitaleon.fr\/faitmaison\/wp-json\/wp\/v2\/pages\/507"}],"collection":[{"href":"http:\/\/sitaleon.fr\/faitmaison\/wp-json\/wp\/v2\/pages"}],"about":[{"href":"http:\/\/sitaleon.fr\/faitmaison\/wp-json\/wp\/v2\/types\/page"}],"author":[{"embeddable":true,"href":"http:\/\/sitaleon.fr\/faitmaison\/wp-json\/wp\/v2\/users\/1"}],"replies":[{"embeddable":true,"href":"http:\/\/sitaleon.fr\/faitmaison\/wp-json\/wp\/v2\/comments?post=507"}],"version-history":[{"count":6,"href":"http:\/\/sitaleon.fr\/faitmaison\/wp-json\/wp\/v2\/pages\/507\/revisions"}],"predecessor-version":[{"id":513,"href":"http:\/\/sitaleon.fr\/faitmaison\/wp-json\/wp\/v2\/pages\/507\/revisions\/513"}],"wp:attachment":[{"href":"http:\/\/sitaleon.fr\/faitmaison\/wp-json\/wp\/v2\/media?parent=507"}],"curies":[{"name":"wp","href":"https:\/\/api.w.org\/{rel}","templated":true}]}}