{"id":468,"date":"2020-03-27T17:36:25","date_gmt":"2020-03-27T16:36:25","guid":{"rendered":"http:\/\/sitaleon.fr\/faitmaison\/?page_id=468"},"modified":"2020-03-27T17:36:25","modified_gmt":"2020-03-27T16:36:25","slug":"cuisses-de-poulet-a-la-moutarde","status":"publish","type":"page","link":"http:\/\/sitaleon.fr\/faitmaison\/accueil\/les-plats\/cuisses-de-poulet-a-la-moutarde\/","title":{"rendered":"Cuisses de poulet \u00e0 la moutarde"},"content":{"rendered":"<p>C&rsquo;est une recette de Tata Isa mais c&rsquo;est souvent moi qui la fait. <br \/>Et c&rsquo;est tr\u00e8\u00e8\u00e8\u00e8s bon !<\/p>\r\n<p><span style=\"color: #0000ff;\"><strong>Pr\u00e9paration (pr\u00e9paration + cuisson)\u00a0:<\/strong><\/span> 1\u00a0 petite heure <br \/><span style=\"color: #0000ff;\"><strong>Niveau de difficult\u00e9\u00a0:<\/strong><\/span> Ultra simple <br \/><span style=\"color: #0000ff;\"><strong>Cout\u00a0:<\/strong> <\/span>pas cher<\/p>\r\n<p>&nbsp;<\/p>\r\n\r\n<figure class=\"wp-block-table\">\r\n<table style=\"height: 302px;\" width=\"571\">\r\n<tbody>\r\n<tr>\r\n<td>4 cuisses de poulet fermier <br \/>2 cuill\u00e8res \u00e0 soupe de moutarde <br \/>2 \u00e9chalotes <br \/>2 verres de vin blanc <br \/>100 grammes de cr\u00e8me fraiche <br \/>un peu d&rsquo;huile d&rsquo;olive <br \/>du thym <br \/>du poivre <br \/>qq feuilles de laurier<\/td>\r\n<td><img loading=\"lazy\" class=\"alignnone size-medium wp-image-469\" src=\"http:\/\/sitaleon.fr\/faitmaison\/wp-content\/uploads\/2020\/03\/IMG_1335-225x300.jpg\" alt=\"\" width=\"225\" height=\"300\" srcset=\"http:\/\/sitaleon.fr\/faitmaison\/wp-content\/uploads\/2020\/03\/IMG_1335-225x300.jpg 225w, http:\/\/sitaleon.fr\/faitmaison\/wp-content\/uploads\/2020\/03\/IMG_1335-768x1024.jpg 768w, http:\/\/sitaleon.fr\/faitmaison\/wp-content\/uploads\/2020\/03\/IMG_1335-1152x1536.jpg 1152w, http:\/\/sitaleon.fr\/faitmaison\/wp-content\/uploads\/2020\/03\/IMG_1335-1536x2048.jpg 1536w, http:\/\/sitaleon.fr\/faitmaison\/wp-content\/uploads\/2020\/03\/IMG_1335-scaled.jpg 1920w\" sizes=\"(max-width: 225px) 100vw, 225px\" \/><\/td>\r\n<\/tr>\r\n<\/tbody>\r\n<\/table>\r\n<\/figure>\r\n\r\n<h3><span style=\"color: #0000ff;\">La m\u00e9thode du L\u00e9on<\/span><\/h3>\r\n<p>On commence par faire revenir les cuisses de poulet dans une po\u00eale avec de l&rsquo;huile d&rsquo;olive. On ajoute aussi des \u00e9chalotes effil\u00e9es et on laisse dorer l\u00e9g\u00e8rement. On assaisonne avec du poivre. Le sel est optionnel car la moutarde est d\u00e9j\u00e0 sal\u00e9e !<\/p>\r\n<p>Ensuite, on ajoute le thym et le laurier, on verse le vin blanc et on laisse mijoter pendant 3\/4 d&rsquo;heure.<\/p>\r\n<p>A part, on m\u00e9lange la moutarde et la cr\u00e8me fraiche.<\/p>\r\n<p>On r\u00e9serve les cuisses (on les pose dans une assiette) et on verse le m\u00e9lange cr\u00e8me\/moutarde dans la po\u00eale. D\u00e8s que le m\u00e9lange \u00e9paissit, on remet les cuisses dans la po\u00eale que l&rsquo;on fait mijoter qq minutes puis on sert.<\/p>\r\n<p>Comme l\u00e9gume d&rsquo;accompagnement, on peut choisir du riz (attention \u00e0 la dur\u00e9e de cuisson longue du riz) ou des p\u00e2tes, au choix.<\/p>\r\n<p><em><strong><span style=\"color: #0000ff;\">Variante<\/span> :<\/strong> <\/em>Souvent, je verse le m\u00e9lange cr\u00e8me\/moutarde directement sur les cuises, sans les r\u00e9server.<\/p>","protected":false},"excerpt":{"rendered":"<p>C&rsquo;est une recette de Tata Isa mais c&rsquo;est souvent moi qui la fait. Et c&rsquo;est tr\u00e8\u00e8\u00e8\u00e8s bon ! Pr\u00e9paration (pr\u00e9paration + cuisson)\u00a0: 1\u00a0 petite heure Niveau de difficult\u00e9\u00a0: Ultra simple Cout\u00a0: pas cher &nbsp; 4 cuisses de poulet fermier 2 cuill\u00e8res \u00e0 soupe de moutarde 2 \u00e9chalotes 2 verres de vin blanc 100 grammes de &hellip; <a href=\"http:\/\/sitaleon.fr\/faitmaison\/accueil\/les-plats\/cuisses-de-poulet-a-la-moutarde\/\" class=\"more-link\">Continuer la lecture de <span class=\"screen-reader-text\">Cuisses de poulet \u00e0 la moutarde<\/span> <span class=\"meta-nav\">&rarr;<\/span><\/a><\/p>\n","protected":false},"author":1,"featured_media":0,"parent":240,"menu_order":0,"comment_status":"closed","ping_status":"closed","template":"","meta":[],"_links":{"self":[{"href":"http:\/\/sitaleon.fr\/faitmaison\/wp-json\/wp\/v2\/pages\/468"}],"collection":[{"href":"http:\/\/sitaleon.fr\/faitmaison\/wp-json\/wp\/v2\/pages"}],"about":[{"href":"http:\/\/sitaleon.fr\/faitmaison\/wp-json\/wp\/v2\/types\/page"}],"author":[{"embeddable":true,"href":"http:\/\/sitaleon.fr\/faitmaison\/wp-json\/wp\/v2\/users\/1"}],"replies":[{"embeddable":true,"href":"http:\/\/sitaleon.fr\/faitmaison\/wp-json\/wp\/v2\/comments?post=468"}],"version-history":[{"count":8,"href":"http:\/\/sitaleon.fr\/faitmaison\/wp-json\/wp\/v2\/pages\/468\/revisions"}],"predecessor-version":[{"id":477,"href":"http:\/\/sitaleon.fr\/faitmaison\/wp-json\/wp\/v2\/pages\/468\/revisions\/477"}],"up":[{"embeddable":true,"href":"http:\/\/sitaleon.fr\/faitmaison\/wp-json\/wp\/v2\/pages\/240"}],"wp:attachment":[{"href":"http:\/\/sitaleon.fr\/faitmaison\/wp-json\/wp\/v2\/media?parent=468"}],"curies":[{"name":"wp","href":"https:\/\/api.w.org\/{rel}","templated":true}]}}