{"id":454,"date":"2020-03-05T10:58:08","date_gmt":"2020-03-05T09:58:08","guid":{"rendered":"http:\/\/sitaleon.fr\/faitmaison\/?page_id=454"},"modified":"2020-03-05T10:58:08","modified_gmt":"2020-03-05T09:58:08","slug":"boeuf-stroganoff-du-leon","status":"publish","type":"page","link":"http:\/\/sitaleon.fr\/faitmaison\/boeuf-stroganoff-du-leon\/","title":{"rendered":"Boeuf Stroganoff du Leon"},"content":{"rendered":"<p>Un plat embl\u00e9matique de la cuisine russe ! En deux mots, c&rsquo;est un ragout de b\u0153uf assaisonn\u00e9 de paprika, de cr\u00e8me fraiche et servi avec des p\u00e2tes ou du riz. En tous cas, c&rsquo;est d\u00e9licieux mais relev\u00e9 !<\/p>\n<p><span style=\"color: #0000ff;\"><strong>Pr\u00e9paration (pr\u00e9paration + cuisson)\u00a0:<\/strong> <\/span>1\u00a0 petite demi-heure<br \/><span style=\"color: #0000ff;\"><strong>Niveau de difficult\u00e9\u00a0:<\/strong> <span style=\"color: #000000;\">Ultra simple <\/span><\/span><br \/><span style=\"color: #0000ff;\"><strong>Cout\u00a0:<\/strong> <\/span>pas cher<\/p>\n\n\n<figure class=\"wp-block-table\"><table class=\"\"><tbody><tr><td><strong>Les ingr\u00e9dients pour 1 personne<\/strong> <br>150 gr de rumsteak <br>1 petite \u00e9chalote <br>1  cuill\u00e8re de vin blanc  <br>de la cr\u00e8me fraiche <br>du beurre <br>du paprika <br>du persil <br><\/td><td><img loading=\"lazy\" width=\"1920\" height=\"2560\" class=\"wp-image-458\" style=\"width: 250px;\" src=\"http:\/\/sitaleon.fr\/faitmaison\/wp-content\/uploads\/2020\/03\/IMG_1326-scaled.jpg\" alt=\"\" srcset=\"http:\/\/sitaleon.fr\/faitmaison\/wp-content\/uploads\/2020\/03\/IMG_1326-scaled.jpg 1920w, http:\/\/sitaleon.fr\/faitmaison\/wp-content\/uploads\/2020\/03\/IMG_1326-225x300.jpg 225w, http:\/\/sitaleon.fr\/faitmaison\/wp-content\/uploads\/2020\/03\/IMG_1326-768x1024.jpg 768w, http:\/\/sitaleon.fr\/faitmaison\/wp-content\/uploads\/2020\/03\/IMG_1326-1152x1536.jpg 1152w, http:\/\/sitaleon.fr\/faitmaison\/wp-content\/uploads\/2020\/03\/IMG_1326-1536x2048.jpg 1536w\" sizes=\"(max-width: 1920px) 100vw, 1920px\" \/><\/td><\/tr><\/tbody><\/table><\/figure>\n\n\n<h3><span style=\"color: #0000ff;\">La m\u00e9thode du L\u00e9on<\/span><\/h3>\n<p>Demandez au boucher un morceau de rumsteak et vous le d\u00e9coupez vous-m\u00eame soit en lamelles (m\u00e9thode originelle) soit en morceaux plus ou moins cubiques.<\/p>\n<p>On fait fondre le beurre dans une po\u00eale ou une casserole avec un filet d&rsquo;huile, l&rsquo;\u00e9chalote hach\u00e9e et du paprika. Lorsque le beurre prend sa teinte dor\u00e9, on ajoute les morceaux de b\u0153uf et on cuit \u00e0 feu vif.<\/p>\n<p>En fin de cuisson, on ajoute le vin blanc, une touche de paprika (attention au paprika hongrois qui arrache la tronche), la cr\u00e8me fraiche et on m\u00e9lange le tout. On rectifie l&rsquo;assaisonnement avec du poivre et sel si n\u00e9cessaire.<\/p>\n<p>Comme l\u00e9gume d&rsquo;accompagnement, on peut choisir du riz (attention \u00e0 la dur\u00e9e de cuisson longue du riz) ou des p\u00e2tes, au choix.<\/p>\n<p><em><strong><span style=\"color: #0000ff;\">Variantes :<\/span><\/strong> <\/em>On peut ajouter des champignons, de la sauce tomate, des oignons et m\u00eame l&rsquo;accompagner de pomme de terre allumettes.<\/p>\n<p><span style=\"color: #0000ff;\"><strong><em>Point d\u2019histoire\u00a0:<\/em><\/strong><\/span><em> Le terme \u00ab Stroganoff\u00bb vient probablement du comte adjudant-g\u00e9n\u00e9ral de l&rsquo;Empire russe Pavel Alexandrovitch Stroganov (1774-1817) dont le chef cuisinier fran\u00e7ais Andr\u00e9 Dupont avait r\u00e9alis\u00e9 une recette de fricass\u00e9e de b\u0153uf en lui donnant le nom de son ma\u00eetre (d&rsquo;apr\u00e8s Wikip\u00e9dia). <br \/><\/em><\/p>","protected":false},"excerpt":{"rendered":"<p>Un plat embl\u00e9matique de la cuisine russe ! En deux mots, c&rsquo;est un ragout de b\u0153uf assaisonn\u00e9 de paprika, de cr\u00e8me fraiche et servi avec des p\u00e2tes ou du riz. En tous cas, c&rsquo;est d\u00e9licieux mais relev\u00e9 ! Pr\u00e9paration (pr\u00e9paration + cuisson)\u00a0: 1\u00a0 petite demi-heureNiveau de difficult\u00e9\u00a0: Ultra simple Cout\u00a0: pas cher Les ingr\u00e9dients pour &hellip; <a href=\"http:\/\/sitaleon.fr\/faitmaison\/boeuf-stroganoff-du-leon\/\" class=\"more-link\">Continuer la lecture de <span class=\"screen-reader-text\">Boeuf Stroganoff du Leon<\/span> <span class=\"meta-nav\">&rarr;<\/span><\/a><\/p>\n","protected":false},"author":1,"featured_media":0,"parent":0,"menu_order":0,"comment_status":"closed","ping_status":"closed","template":"","meta":[],"_links":{"self":[{"href":"http:\/\/sitaleon.fr\/faitmaison\/wp-json\/wp\/v2\/pages\/454"}],"collection":[{"href":"http:\/\/sitaleon.fr\/faitmaison\/wp-json\/wp\/v2\/pages"}],"about":[{"href":"http:\/\/sitaleon.fr\/faitmaison\/wp-json\/wp\/v2\/types\/page"}],"author":[{"embeddable":true,"href":"http:\/\/sitaleon.fr\/faitmaison\/wp-json\/wp\/v2\/users\/1"}],"replies":[{"embeddable":true,"href":"http:\/\/sitaleon.fr\/faitmaison\/wp-json\/wp\/v2\/comments?post=454"}],"version-history":[{"count":5,"href":"http:\/\/sitaleon.fr\/faitmaison\/wp-json\/wp\/v2\/pages\/454\/revisions"}],"predecessor-version":[{"id":461,"href":"http:\/\/sitaleon.fr\/faitmaison\/wp-json\/wp\/v2\/pages\/454\/revisions\/461"}],"wp:attachment":[{"href":"http:\/\/sitaleon.fr\/faitmaison\/wp-json\/wp\/v2\/media?parent=454"}],"curies":[{"name":"wp","href":"https:\/\/api.w.org\/{rel}","templated":true}]}}