{"id":441,"date":"2020-01-18T13:45:50","date_gmt":"2020-01-18T12:45:50","guid":{"rendered":"http:\/\/sitaleon.fr\/faitmaison\/?page_id=441"},"modified":"2020-01-18T13:45:50","modified_gmt":"2020-01-18T12:45:50","slug":"riz-au-lait","status":"publish","type":"page","link":"http:\/\/sitaleon.fr\/faitmaison\/accueil\/les-desserts\/riz-au-lait\/","title":{"rendered":"Riz au lait"},"content":{"rendered":"\n<p>L&rsquo;id\u00e9e de d\u00e9part \u00e9tait de faire barrage \u00e0 un \u00ab\u00a0d\u00e9rangement\u00a0\u00bb, si tu vois ce que je veux dire&#8230; Et puis, c&rsquo;est tellement bon le riz au lait ! <br>Alors, on y va?<\/p>\n\n\n\n<p style=\"color:#0000ff\" class=\"has-text-color\"><strong>Pr\u00e9paration et cuisson :<\/strong> Environ 3\/4 d&rsquo;heure <br><strong>Niveau de difficult\u00e9 :<\/strong> Facile <br><strong>Co\u00fbt :<\/strong> Faible <\/p>\n\n\n\n<figure class=\"wp-block-table\"><table class=\"\"><tbody><tr><td>120 gr de riz rond \u00e0 dessert <br>20 cl de cr\u00e8me fraiche liquide<br>60 gr de sucre en poudre <br>75 cl de lait entier <br>Cannelle (un b\u00e2ton ou en poudre) <br>Sucre vanill\u00e9 ou une gousse gratt\u00e9e)<\/td><td><img loading=\"lazy\" width=\"2560\" height=\"1920\" class=\"wp-image-444\" style=\"width: 250px;\" src=\"http:\/\/sitaleon.fr\/faitmaison\/wp-content\/uploads\/2020\/01\/IMG_1289-scaled-e1579349760175.jpg\" alt=\"\" srcset=\"http:\/\/sitaleon.fr\/faitmaison\/wp-content\/uploads\/2020\/01\/IMG_1289-scaled-e1579349760175.jpg 2560w, http:\/\/sitaleon.fr\/faitmaison\/wp-content\/uploads\/2020\/01\/IMG_1289-scaled-e1579349760175-300x225.jpg 300w, http:\/\/sitaleon.fr\/faitmaison\/wp-content\/uploads\/2020\/01\/IMG_1289-scaled-e1579349760175-1024x768.jpg 1024w, http:\/\/sitaleon.fr\/faitmaison\/wp-content\/uploads\/2020\/01\/IMG_1289-scaled-e1579349760175-768x576.jpg 768w, http:\/\/sitaleon.fr\/faitmaison\/wp-content\/uploads\/2020\/01\/IMG_1289-scaled-e1579349760175-1536x1152.jpg 1536w, http:\/\/sitaleon.fr\/faitmaison\/wp-content\/uploads\/2020\/01\/IMG_1289-scaled-e1579349760175-2048x1536.jpg 2048w\" sizes=\"(max-width: 2560px) 100vw, 2560px\" \/><\/td><\/tr><\/tbody><\/table><\/figure>\n\n\n\n<p style=\"color:#0000ff\" class=\"has-text-color\"><strong>La m\u00e9thode du Leon <\/strong><\/p>\n\n\n<p>Tout d&rsquo;abord, il faut nettoyer le riz de sa poussi\u00e8re. Pour cela, on le met dans une casserole d&rsquo;eau que l&rsquo;on fait bouillir pendant 3 \u00e0 4 minutes puis on le rince.<\/p>\n<p>On verse ensuite le lait dans une casserole, on y ajoute la cr\u00e8me liquide, la vanille et la cannelle. Et on envoie le tout jusqu&rsquo;\u00e0 \u00e9bullition.&nbsp;<\/p>\n<p>Puis on verse le riz dans la casserole et on y ajoute le sucre en poudre et la vanille, on m\u00e9lange bien le tout \u00e0 feux doux, voir tr\u00e8s doux. Le but est d&rsquo;avoir une cuisson longue, en remuant tr\u00e8s r\u00e9guli\u00e8rement jusqu&rsquo;\u00e0 ce que le lait ait presque disparu (mais pas trop).<\/p>\n<p>Derni\u00e8re \u00e9tape, on le verse soit dans un grand saladier soit dans de petits pots individuels.<\/p>","protected":false},"excerpt":{"rendered":"<p>L&rsquo;id\u00e9e de d\u00e9part \u00e9tait de faire barrage \u00e0 un \u00ab\u00a0d\u00e9rangement\u00a0\u00bb, si tu vois ce que je veux dire&#8230; Et puis, c&rsquo;est tellement bon le riz au lait ! Alors, on y va? Pr\u00e9paration et cuisson : Environ 3\/4 d&rsquo;heure Niveau de difficult\u00e9 : Facile Co\u00fbt : Faible 120 gr de riz rond \u00e0 dessert 20 &hellip; <a href=\"http:\/\/sitaleon.fr\/faitmaison\/accueil\/les-desserts\/riz-au-lait\/\" class=\"more-link\">Continuer la lecture de <span class=\"screen-reader-text\">Riz au lait<\/span> <span class=\"meta-nav\">&rarr;<\/span><\/a><\/p>\n","protected":false},"author":1,"featured_media":0,"parent":245,"menu_order":0,"comment_status":"closed","ping_status":"closed","template":"","meta":[],"_links":{"self":[{"href":"http:\/\/sitaleon.fr\/faitmaison\/wp-json\/wp\/v2\/pages\/441"}],"collection":[{"href":"http:\/\/sitaleon.fr\/faitmaison\/wp-json\/wp\/v2\/pages"}],"about":[{"href":"http:\/\/sitaleon.fr\/faitmaison\/wp-json\/wp\/v2\/types\/page"}],"author":[{"embeddable":true,"href":"http:\/\/sitaleon.fr\/faitmaison\/wp-json\/wp\/v2\/users\/1"}],"replies":[{"embeddable":true,"href":"http:\/\/sitaleon.fr\/faitmaison\/wp-json\/wp\/v2\/comments?post=441"}],"version-history":[{"count":8,"href":"http:\/\/sitaleon.fr\/faitmaison\/wp-json\/wp\/v2\/pages\/441\/revisions"}],"predecessor-version":[{"id":451,"href":"http:\/\/sitaleon.fr\/faitmaison\/wp-json\/wp\/v2\/pages\/441\/revisions\/451"}],"up":[{"embeddable":true,"href":"http:\/\/sitaleon.fr\/faitmaison\/wp-json\/wp\/v2\/pages\/245"}],"wp:attachment":[{"href":"http:\/\/sitaleon.fr\/faitmaison\/wp-json\/wp\/v2\/media?parent=441"}],"curies":[{"name":"wp","href":"https:\/\/api.w.org\/{rel}","templated":true}]}}