{"id":392,"date":"2019-11-10T13:42:23","date_gmt":"2019-11-10T12:42:23","guid":{"rendered":"http:\/\/sitaleon.fr\/faitmaison\/?page_id=392"},"modified":"2019-11-10T13:45:46","modified_gmt":"2019-11-10T12:45:46","slug":"le-far-breton","status":"publish","type":"page","link":"http:\/\/sitaleon.fr\/faitmaison\/accueil\/les-desserts\/le-far-breton\/","title":{"rendered":"Le Far Breton"},"content":{"rendered":"<p>Ah, le far breton aux pruneaux&#8230; Mais, les pruneaux ne sont pas une sp\u00e9cialit\u00e9s de la Bretagne ? Il semble pourtant que lorsque les p\u00eacheurs bretons ramenaient la morue d&rsquo;Islande, ils \u00e9changeaient leurs poissons contre des pruneaux d&rsquo;Agen. <br>Outre les pruneaux, on peut les remplacer par des tranches de pommes l\u00e9g\u00e8rement caram\u00e9lis\u00e9s dans un peu de beurre. Et m\u00eame, le Far se consomme sans fruit !<\/p>\n<p><span style=\"color: #0000ff;\"><strong>Pr\u00e9paration (pr\u00e9paration + cuisson)&nbsp;:<\/strong> <span style=\"color: #000000;\">Environ une heure et demi<\/span><\/span><br><span style=\"color: #0000ff;\"><strong>Niveau de difficult\u00e9&nbsp;:<\/strong> <\/span>Facile <br><span style=\"color: #0000ff;\"><strong>Co\u00fbt&nbsp;: <\/strong><\/span>\u00c9conomique<\/p>\n\n\n<table class=\"wp-block-table alignleft has-fixed-layout is-style-stripes\"><tbody><tr><td> 1 sachet de sucre vanill\u00e9 <br>130 grammes de sucre en poudre <br>20 grammes de beurre <br>220 grammes de farine <br>5 \u0153ufs <br>500 grammes de pruneaux <br>75 cl de lait <br>Rhum parfum\u00e9 et ambr\u00e9  <\/td><td>  <img loading=\"lazy\" width=\"2420\" height=\"3226\" class=\"wp-image-400\" style=\"width: 150px;\" src=\"http:\/\/sitaleon.fr\/faitmaison\/wp-content\/uploads\/2019\/11\/IMG_1254.jpg\" alt=\"\" srcset=\"http:\/\/sitaleon.fr\/faitmaison\/wp-content\/uploads\/2019\/11\/IMG_1254.jpg 2420w, http:\/\/sitaleon.fr\/faitmaison\/wp-content\/uploads\/2019\/11\/IMG_1254-225x300.jpg 225w, http:\/\/sitaleon.fr\/faitmaison\/wp-content\/uploads\/2019\/11\/IMG_1254-768x1024.jpg 768w\" sizes=\"(max-width: 2420px) 100vw, 2420px\" \/><br><\/td><\/tr><\/tbody><\/table>\n\n\n<h3>La m\u00e9thode du L\u00e9on<\/h3>\n<p>D&rsquo;abord, on pr\u00e9chauffe le four \u00e0 180\u00b0C et on sort un saladier dans lequel on m\u00e9lange avec un fouet la farine, le sucre et bien s\u00fbr le sucre vanill\u00e9. <br>Ensuite, on ajoute les \u0153ufs un \u00e0 un en m\u00e9langeant bien l&rsquo;ensemble. Puis on ajoute le lait, le beurre fondu et le rhum tout en continuant \u00e0 m\u00e9langer jusqu&rsquo;\u00e0 obtenir une p\u00e2te homog\u00e8ne. <br>On beurre le fond du moule, on y verse une partie de la pr\u00e9paration et on enfourne une dizaine de minute. <br>On retire le plat du four, on dispose les pruneaux que l&rsquo;on recouvre du reste de la pr\u00e9paration et l&rsquo;on r\u00e9-enfourne pour encore une cinquantaine de minutes.<\/p>","protected":false},"excerpt":{"rendered":"<p>Ah, le far breton aux pruneaux&#8230; Mais, les pruneaux ne sont pas une sp\u00e9cialit\u00e9s de la Bretagne ? Il semble pourtant que lorsque les p\u00eacheurs bretons ramenaient la morue d&rsquo;Islande, ils \u00e9changeaient leurs poissons contre des pruneaux d&rsquo;Agen. Outre les pruneaux, on peut les remplacer par des tranches de pommes l\u00e9g\u00e8rement caram\u00e9lis\u00e9s dans un peu &hellip; <a href=\"http:\/\/sitaleon.fr\/faitmaison\/accueil\/les-desserts\/le-far-breton\/\" class=\"more-link\">Continuer la lecture de <span class=\"screen-reader-text\">Le Far Breton<\/span> <span class=\"meta-nav\">&rarr;<\/span><\/a><\/p>\n","protected":false},"author":1,"featured_media":0,"parent":245,"menu_order":0,"comment_status":"closed","ping_status":"closed","template":"","meta":[],"_links":{"self":[{"href":"http:\/\/sitaleon.fr\/faitmaison\/wp-json\/wp\/v2\/pages\/392"}],"collection":[{"href":"http:\/\/sitaleon.fr\/faitmaison\/wp-json\/wp\/v2\/pages"}],"about":[{"href":"http:\/\/sitaleon.fr\/faitmaison\/wp-json\/wp\/v2\/types\/page"}],"author":[{"embeddable":true,"href":"http:\/\/sitaleon.fr\/faitmaison\/wp-json\/wp\/v2\/users\/1"}],"replies":[{"embeddable":true,"href":"http:\/\/sitaleon.fr\/faitmaison\/wp-json\/wp\/v2\/comments?post=392"}],"version-history":[{"count":8,"href":"http:\/\/sitaleon.fr\/faitmaison\/wp-json\/wp\/v2\/pages\/392\/revisions"}],"predecessor-version":[{"id":403,"href":"http:\/\/sitaleon.fr\/faitmaison\/wp-json\/wp\/v2\/pages\/392\/revisions\/403"}],"up":[{"embeddable":true,"href":"http:\/\/sitaleon.fr\/faitmaison\/wp-json\/wp\/v2\/pages\/245"}],"wp:attachment":[{"href":"http:\/\/sitaleon.fr\/faitmaison\/wp-json\/wp\/v2\/media?parent=392"}],"curies":[{"name":"wp","href":"https:\/\/api.w.org\/{rel}","templated":true}]}}