{"id":373,"date":"2018-11-25T10:59:27","date_gmt":"2018-11-25T09:59:27","guid":{"rendered":"http:\/\/sitaleon.fr\/faitmaison\/?page_id=373"},"modified":"2018-11-25T10:59:27","modified_gmt":"2018-11-25T09:59:27","slug":"salade-vietnamienne","status":"publish","type":"page","link":"http:\/\/sitaleon.fr\/faitmaison\/salade-vietnamienne\/","title":{"rendered":"Salade vietnamienne"},"content":{"rendered":"<p>Cette recette nous a \u00e9t\u00e9 pr\u00e9sent\u00e9 par Armand lors d&rsquo;un repas partag\u00e9 \u00e0 l&rsquo;Accorderie Porte de Maurienne. Qu&rsquo;il en soit ici remerci\u00e9 !<\/p>\n<p><span style=\"color: #0000ff;\"><strong>Pr\u00e9paration (pr\u00e9paration + cuisson)\u00a0:<\/strong> <\/span>une heure \u00e0 deux heures suivant l&rsquo;outillage<br \/>\n<span style=\"color: #0000ff;\"><strong>Niveau de difficult\u00e9\u00a0:<\/strong> <\/span>Facile<br \/>\n<span style=\"color: #0000ff;\"><strong>Co\u00fbt\u00a0: <\/strong><\/span>Faible<\/p>\n<table>\n<tbody>\n<tr>\n<td width=\"312\">4 tiges Menthe fra\u00eeche<br \/>\n4 tiges de Coriandre fra\u00eeche<br \/>\n4 c. \u00e0 soupe de cacahu\u00e8tes sal\u00e9es<br \/>\n3 Branches de c\u00e9leri<br \/>\n2 Citrons verts<br \/>\n2 Blancs de poulet<br \/>\n2 Carottes<br \/>\n1 c. \u00e0 soupe Huile d&rsquo;arachide<br \/>\n1 c. \u00e0 caf\u00e9 Sauce soja<br \/>\n1 Echalote<br \/>\n1 c. \u00e0 soupe Nuoc-m\u00e2m<br \/>\n1 c. \u00e0 soupe Gingembre frais r\u00e2p\u00e9<br \/>\n1 Gousse d&rsquo;ail<br \/>\n1 Piment antillais<br \/>\n1 pinc\u00e9e de sucre en poudre<br \/>\n1\/2 Concombre<br \/>\n1\/4 d&rsquo;un Chou chinois<br \/>\ndu poivre<\/td>\n<td width=\"338\"><img loading=\"lazy\" class=\"alignnone size-medium wp-image-374\" src=\"http:\/\/sitaleon.fr\/faitmaison\/wp-content\/uploads\/2018\/11\/mandoline-super-pro-1-640-300x225.jpg\" alt=\"\" width=\"300\" height=\"225\" srcset=\"http:\/\/sitaleon.fr\/faitmaison\/wp-content\/uploads\/2018\/11\/mandoline-super-pro-1-640-300x225.jpg 300w, http:\/\/sitaleon.fr\/faitmaison\/wp-content\/uploads\/2018\/11\/mandoline-super-pro-1-640.jpg 507w\" sizes=\"(max-width: 300px) 100vw, 300px\" \/><\/p>\n<p>&nbsp;<\/p>\n<p>J&rsquo;ai oubli\u00e9 de faire une photo&#8230; Alors je mets la photo d&rsquo;une mandoline professionnelle.<\/td>\n<\/tr>\n<\/tbody>\n<\/table>\n<h3>La m\u00e9thode d&rsquo;Armand<\/h3>\n<p>Tout d&rsquo;abord, il y a la pr\u00e9paration des l\u00e9gumes, \u00e9tape la plus longue qui consiste \u00e0 faire une julienne de l\u00e9gumes en utilisant au mieux une v\u00e9ritable mandoline sinon un robot m\u00e9nager ou un couteau. On taille donc les carottes et le concombre en julienne puis le c\u00e9leri, l\u2019\u00e9chalote, la menthe, la coriandre et le chou chinois sont \u00e9minc\u00e9es finement.<\/p>\n<p>Apr\u00e8s d\u00e9coupage en lani\u00e8re des blancs de poulet, on les fait l\u00e9g\u00e8rement brunir dans une po\u00eale puis on les d\u00e9coupe en petits d\u00e9s. Ensuite, on verse dans un saladier l&rsquo;huile et la sauce soja, on poivre et on fouette. On ajoute le poulet et on m\u00e9lange bien pour l\u2019enrober de sauce.<\/p>\n<p>Il fut ensuite pr\u00e9parer la sauce. Pour cela, on verse dans un bol la sauce Nuoc-m\u00e2m et le sucre en poudre, on m\u00e9lange et on ajoutez les autres ingr\u00e9dients \u00e0 savoir : le jus des citrons, le gingembre et la gousse d&rsquo;ail \u00e9pluch\u00e9e et r\u00e2p\u00e9e.<\/p>\n<p>On termine en ajoutant dans\u00a0le saladier les carottes, le chou, le c\u00e9leri, le concombre, l&rsquo;\u00e9chalote et les herbes et on m\u00e9lange le tout. On arrose de sauce et on m\u00e9lange de nouveau. On finalise la salade en ajoutant les cacahu\u00e8tes pil\u00e9es sur la salade.<\/p>\n<p>Pour terminer, on pr\u00e9pare le piment antillais en le coupant en deux pour en retirer les petites graines puis on le hache finement pour le pr\u00e9senter dans une petite soucoupe s\u00e9par\u00e9e. <span style=\"color: #ff0000;\"><strong>ATTENTION<\/strong><\/span>, il s&rsquo;agit de l&rsquo;un des plus puissants piments, lavez-vous longuement les mains avant de vous frotter les yeux ou d\u2019aller aux toilettes. Une bonne m\u00e9thode est d&rsquo;utiliser des gants jetables pour cette pr\u00e9paration.<\/p>\n<p>Cette recette peut s&rsquo;agr\u00e9menter de crevettes mais on peut aussi remplacer le poulet par du b\u0153uf ou du canard.<\/p>\n","protected":false},"excerpt":{"rendered":"<p>Cette recette nous a \u00e9t\u00e9 pr\u00e9sent\u00e9 par Armand lors d&rsquo;un repas partag\u00e9 \u00e0 l&rsquo;Accorderie Porte de Maurienne. Qu&rsquo;il en soit ici remerci\u00e9 ! Pr\u00e9paration (pr\u00e9paration + cuisson)\u00a0: une heure \u00e0 deux heures suivant l&rsquo;outillage Niveau de difficult\u00e9\u00a0: Facile Co\u00fbt\u00a0: Faible 4 tiges Menthe fra\u00eeche 4 tiges de Coriandre fra\u00eeche 4 c. \u00e0 soupe de cacahu\u00e8tes &hellip; <a href=\"http:\/\/sitaleon.fr\/faitmaison\/salade-vietnamienne\/\" class=\"more-link\">Continuer la lecture de <span class=\"screen-reader-text\">Salade vietnamienne<\/span> <span class=\"meta-nav\">&rarr;<\/span><\/a><\/p>\n","protected":false},"author":1,"featured_media":0,"parent":0,"menu_order":0,"comment_status":"closed","ping_status":"closed","template":"","meta":[],"_links":{"self":[{"href":"http:\/\/sitaleon.fr\/faitmaison\/wp-json\/wp\/v2\/pages\/373"}],"collection":[{"href":"http:\/\/sitaleon.fr\/faitmaison\/wp-json\/wp\/v2\/pages"}],"about":[{"href":"http:\/\/sitaleon.fr\/faitmaison\/wp-json\/wp\/v2\/types\/page"}],"author":[{"embeddable":true,"href":"http:\/\/sitaleon.fr\/faitmaison\/wp-json\/wp\/v2\/users\/1"}],"replies":[{"embeddable":true,"href":"http:\/\/sitaleon.fr\/faitmaison\/wp-json\/wp\/v2\/comments?post=373"}],"version-history":[{"count":3,"href":"http:\/\/sitaleon.fr\/faitmaison\/wp-json\/wp\/v2\/pages\/373\/revisions"}],"predecessor-version":[{"id":377,"href":"http:\/\/sitaleon.fr\/faitmaison\/wp-json\/wp\/v2\/pages\/373\/revisions\/377"}],"wp:attachment":[{"href":"http:\/\/sitaleon.fr\/faitmaison\/wp-json\/wp\/v2\/media?parent=373"}],"curies":[{"name":"wp","href":"https:\/\/api.w.org\/{rel}","templated":true}]}}