{"id":354,"date":"2018-11-01T17:15:08","date_gmt":"2018-11-01T16:15:08","guid":{"rendered":"http:\/\/sitaleon.fr\/faitmaison\/?page_id=354"},"modified":"2018-11-01T17:17:41","modified_gmt":"2018-11-01T16:17:41","slug":"loeuf-poche","status":"publish","type":"page","link":"http:\/\/sitaleon.fr\/faitmaison\/loeuf-poche\/","title":{"rendered":"L\u2019\u0153uf poch\u00e9"},"content":{"rendered":"<p>Tout simplement sur une tranche de pain grill\u00e9, sur une salade accompagn\u00e9 de lardons, sur une pomme de terre, dans une soupe \u00e0 l&rsquo;ail ou m\u00eame \u00e0 la vigneronne, autrement dit cuit dans du vin rouge, un d\u00e9lice !<\/p>\n<p><span style=\"color: #0000ff;\"><strong>Pr\u00e9paration (pr\u00e9paration + cuisson)\u00a0:<\/strong> <\/span>quelques minutes<br \/>\n<span style=\"color: #0000ff;\"><strong>Niveau de difficult\u00e9\u00a0:<\/strong> <\/span>Facile apr\u00e8s quelques essais<br \/>\n<span style=\"color: #0000ff;\"><strong>Co\u00fbt\u00a0: <\/strong><\/span>Faible<\/p>\n<table>\n<tbody>\n<tr>\n<td width=\"312\">des gros \u0153ufs vraiment tr\u00e8s frais<br \/>\nvinaigre<br \/>\ngros sel<\/td>\n<td width=\"338\"><\/td>\n<\/tr>\n<\/tbody>\n<\/table>\n<h3>La m\u00e9thode du L\u00e9on<\/h3>\n<p>On commence par faire bouillir de l&rsquo;eau avec du vinaigre et du gros sel jusqu&rsquo;\u00e0 une bonne grosse \u00e9bullition. Alors, on baisse le feu pour avoir un l\u00e9ger fr\u00e9missement.<br \/>\nPendant ce temps, on pr\u00e9pare les \u0153ufs. On les casse individuellement dans de petits bols ou de petits r\u00e9cipients voire des tasses. L&rsquo;id\u00e9al, ce sont des bol\u00e9es de cidre.<br \/>\nOn verse alors d\u00e9licatement et lentement l\u2019\u0153uf dans l&rsquo;eau fr\u00e9missante. Le blanc coagule d\u00e8s qu&rsquo;il est en contact avec l&rsquo;eau. En faisant lentement, on arrive \u00e0 faire une couche de blanc coagul\u00e9 sur lequel on d\u00e9pose le jaune. Puis, on replie le blanc sur le jaune pour l&rsquo;enfermer \u00e0 l&rsquo;aide de 2 cuill\u00e8res.<br \/>\nApr\u00e8s 2 ou 3 minutes de cuisson, on sort l&rsquo;\u0153uf avec une \u00e9cumoire et on le d\u00e9pose sur du papier absorbant.<\/p>\n<p><strong><em>Expertise :<\/em><\/strong><em> Pour avoir une d\u00e9monstration, demandez \u00e0 Vincent, c&rsquo;est un expert !\u00a0<\/em><\/p>\n<p>&nbsp;<\/p>\n","protected":false},"excerpt":{"rendered":"<p>Tout simplement sur une tranche de pain grill\u00e9, sur une salade accompagn\u00e9 de lardons, sur une pomme de terre, dans une soupe \u00e0 l&rsquo;ail ou m\u00eame \u00e0 la vigneronne, autrement dit cuit dans du vin rouge, un d\u00e9lice ! Pr\u00e9paration (pr\u00e9paration + cuisson)\u00a0: quelques minutes Niveau de difficult\u00e9\u00a0: Facile apr\u00e8s quelques essais Co\u00fbt\u00a0: Faible des &hellip; <a href=\"http:\/\/sitaleon.fr\/faitmaison\/loeuf-poche\/\" class=\"more-link\">Continuer la lecture de <span class=\"screen-reader-text\">L\u2019\u0153uf poch\u00e9<\/span> <span class=\"meta-nav\">&rarr;<\/span><\/a><\/p>\n","protected":false},"author":1,"featured_media":0,"parent":0,"menu_order":0,"comment_status":"closed","ping_status":"closed","template":"","meta":[],"_links":{"self":[{"href":"http:\/\/sitaleon.fr\/faitmaison\/wp-json\/wp\/v2\/pages\/354"}],"collection":[{"href":"http:\/\/sitaleon.fr\/faitmaison\/wp-json\/wp\/v2\/pages"}],"about":[{"href":"http:\/\/sitaleon.fr\/faitmaison\/wp-json\/wp\/v2\/types\/page"}],"author":[{"embeddable":true,"href":"http:\/\/sitaleon.fr\/faitmaison\/wp-json\/wp\/v2\/users\/1"}],"replies":[{"embeddable":true,"href":"http:\/\/sitaleon.fr\/faitmaison\/wp-json\/wp\/v2\/comments?post=354"}],"version-history":[{"count":4,"href":"http:\/\/sitaleon.fr\/faitmaison\/wp-json\/wp\/v2\/pages\/354\/revisions"}],"predecessor-version":[{"id":447,"href":"http:\/\/sitaleon.fr\/faitmaison\/wp-json\/wp\/v2\/pages\/354\/revisions\/447"}],"wp:attachment":[{"href":"http:\/\/sitaleon.fr\/faitmaison\/wp-json\/wp\/v2\/media?parent=354"}],"curies":[{"name":"wp","href":"https:\/\/api.w.org\/{rel}","templated":true}]}}