{"id":325,"date":"2018-07-20T18:26:50","date_gmt":"2018-07-20T17:26:50","guid":{"rendered":"http:\/\/sitaleon.fr\/faitmaison\/?page_id=325"},"modified":"2020-04-14T09:37:42","modified_gmt":"2020-04-14T08:37:42","slug":"les-liens-recommandes","status":"publish","type":"page","link":"http:\/\/sitaleon.fr\/faitmaison\/les-liens-recommandes\/","title":{"rendered":"Les liens recommand\u00e9s"},"content":{"rendered":"<p><a href=\"https:\/\/mafourchetteestitalienne.com\/http:\/\/\"><img loading=\"lazy\" class=\"wp-image-328 aligncenter\" src=\"http:\/\/sitaleon.fr\/faitmaison\/wp-content\/uploads\/2018\/07\/logo-fond-blanc-rond-png.png\" alt=\"\" width=\"115\" height=\"115\" srcset=\"http:\/\/sitaleon.fr\/faitmaison\/wp-content\/uploads\/2018\/07\/logo-fond-blanc-rond-png.png 300w, http:\/\/sitaleon.fr\/faitmaison\/wp-content\/uploads\/2018\/07\/logo-fond-blanc-rond-png-150x150.png 150w\" sizes=\"(max-width: 115px) 100vw, 115px\" \/><\/a><\/p>\n<p>Sur ce site, j&rsquo;ai test\u00e9 quelques recettes avec bonheur et plaisir car cette nana donne d&rsquo;excellents conseils de r\u00e9alisation. Je l&rsquo;ai d\u00e9couverte lors d&rsquo;une \u00e9mission sur la cuisine italienne sur <a href=\"http:\/\/sitaleon.fr\/faitmaison\/wp-content\/uploads\/2018\/07\/Les-plaisirs-et-bienfaits-de-la-cuisine-italienne-11-juin-2018.mp3\" target=\"_blank\" rel=\"noopener noreferrer\">France Inter<\/a>.<\/p>\n<p>&nbsp;<\/p>\n<p><a href=\"https:\/\/www.recettes-italiennes.org\/\"><img loading=\"lazy\" class=\"aligncenter wp-image-502 size-full\" src=\"http:\/\/sitaleon.fr\/faitmaison\/wp-content\/uploads\/2020\/04\/recettes-italiennes-new-logo.png\" alt=\"\" width=\"272\" height=\"90\" \/><\/a><\/p>\n<p>Que de bonnes recettes italiennes !<br \/>\nC&rsquo;est une adresse donn\u00e9e par mon pote Marc Gosparini \ud83d\ude42<\/p>\n","protected":false},"excerpt":{"rendered":"<p>Sur ce site, j&rsquo;ai test\u00e9 quelques recettes avec bonheur et plaisir car cette nana donne d&rsquo;excellents conseils de r\u00e9alisation. Je l&rsquo;ai d\u00e9couverte lors d&rsquo;une \u00e9mission sur la cuisine italienne sur France Inter. &nbsp; Que de bonnes recettes italiennes ! C&rsquo;est une adresse donn\u00e9e par mon pote Marc Gosparini \ud83d\ude42<\/p>\n","protected":false},"author":1,"featured_media":0,"parent":0,"menu_order":0,"comment_status":"closed","ping_status":"closed","template":"","meta":[],"_links":{"self":[{"href":"http:\/\/sitaleon.fr\/faitmaison\/wp-json\/wp\/v2\/pages\/325"}],"collection":[{"href":"http:\/\/sitaleon.fr\/faitmaison\/wp-json\/wp\/v2\/pages"}],"about":[{"href":"http:\/\/sitaleon.fr\/faitmaison\/wp-json\/wp\/v2\/types\/page"}],"author":[{"embeddable":true,"href":"http:\/\/sitaleon.fr\/faitmaison\/wp-json\/wp\/v2\/users\/1"}],"replies":[{"embeddable":true,"href":"http:\/\/sitaleon.fr\/faitmaison\/wp-json\/wp\/v2\/comments?post=325"}],"version-history":[{"count":16,"href":"http:\/\/sitaleon.fr\/faitmaison\/wp-json\/wp\/v2\/pages\/325\/revisions"}],"predecessor-version":[{"id":504,"href":"http:\/\/sitaleon.fr\/faitmaison\/wp-json\/wp\/v2\/pages\/325\/revisions\/504"}],"wp:attachment":[{"href":"http:\/\/sitaleon.fr\/faitmaison\/wp-json\/wp\/v2\/media?parent=325"}],"curies":[{"name":"wp","href":"https:\/\/api.w.org\/{rel}","templated":true}]}}