{"id":286,"date":"2018-04-02T08:41:07","date_gmt":"2018-04-02T07:41:07","guid":{"rendered":"http:\/\/sitaleon.fr\/faitmaison\/?page_id=286"},"modified":"2018-04-13T15:45:53","modified_gmt":"2018-04-13T14:45:53","slug":"le-fion-vendeen","status":"publish","type":"page","link":"http:\/\/sitaleon.fr\/faitmaison\/le-fion-vendeen\/","title":{"rendered":"Le fion vend\u00e9en"},"content":{"rendered":"<p><span style=\"color: #ff0000;\"><strong>Avant-propos :<\/strong><\/span> Premier essai mitig\u00e9, il y a des choses \u00e0 revoir. La p\u00e2te tout d&rsquo;abord \u00e9tait trop \u00e9paisse et n&rsquo;a pas tenu, les flancs se sont \u00e9croul\u00e9s. Par contre, bon truc que le fait de beurr\u00e9 le plat puis de le farin\u00e9, r\u00e9sultat, \u00e7a n&rsquo;a pas coll\u00e9. Autre truc bizarre dont je n&rsquo;ai pas encore la cause, le fion a gonfl\u00e9 en son centre, r\u00e9sultat en sortie du four et apr\u00e8s que ce soit retomb\u00e9, il n&rsquo;y a plus d\u2019\u00e9paisseur au centre du g\u00e2teau.<\/p>\n<p>Le fion\u00a0de Vend\u00e9e\u00a0est un g\u00e2teau traditionnel que l&rsquo;on trouve dans la r\u00e9gion du marais aux alentours de Challans. Le fion vend\u00e9en ou flan mara\u00eechin, est une p\u00e2tisserie qui \u00e9tait traditionnellement pr\u00e9par\u00e9 pour P\u00e2ques par les femmes de marins.<\/p>\n<p>En deux mots, le fion ou flan mara\u00eechin est un flan aux \u0153ufs parfum\u00e9s qui se consomme froid.<\/p>\n<p><span style=\"color: #0000ff;\"><strong>Pr\u00e9paration (pr\u00e9paration + cuisson)\u00a0:<\/strong><\/span> \u00e0 voir<br \/>\n<span style=\"color: #0000ff;\"><strong>Niveau de difficult\u00e9\u00a0:<\/strong> <\/span>Facile<br \/>\n<span style=\"color: #0000ff;\"><strong>Co\u00fbt\u00a0: <\/strong><\/span>Faible<\/p>\n<table>\n<tbody>\n<tr>\n<td width=\"312\"><strong><span style=\"color: #0000ff;\">La p\u00e2te bris\u00e9e ?\u00a0<\/span><\/strong><br \/>\n500 gr de farine (si possible de froment)<br \/>\n1 jaune d\u2019\u0153uf<br \/>\n50 gr de beurre<br \/>\n10 gr de sel<br \/>\n<strong><span style=\"color: #0000ff;\">La fioun\u00e9e<\/span> <\/strong><br \/>\n1 l de lait<br \/>\n6 \u0153ufs<br \/>\n125 gr de sucre<br \/>\n15 cl de cr\u00e8me fra\u00eeche (si possible)<br \/>\n1 gousse de vanille fendue et gratt\u00e9e (2 sachet de sucre vanill\u00e9)<br \/>\n1 b\u00e2ton de cannelle (une demi-cuill\u00e8re \u00e0 caf\u00e9 de poudre de cannelle)<br \/>\n2 gouttes de fleur d&rsquo;oranger<\/td>\n<td width=\"338\">\u00a0Il manque une tof !<\/td>\n<\/tr>\n<\/tbody>\n<\/table>\n<h3>La m\u00e9thode du L\u00e9on<\/h3>\n<p>On trouve deux \u00e9tapes principales dans la pr\u00e9paration du fion vend\u00e9en : d&rsquo;une part la p\u00e2te sabl\u00e9e et d&rsquo;autre part la fioun\u00e9e, c&rsquo;est-\u00e0-dire le flan proprement dit.<\/p>\n<h5><strong>Pr\u00e9paration de la p\u00e2te bris\u00e9e<br \/>\n<\/strong><\/h5>\n<p>On m\u00e9lange le jaune d\u2019\u0153uf, le beurre et le sel, on malaxe en ajoutant petit \u00e0 petit un peu d&rsquo;eau jusqu&rsquo;\u00e0 obtenir une p\u00e2te ferme (le mixer est un bel outil). On laisse reposer une dizaine de minutes, puis on l&rsquo;\u00e9tale sur un plan farin\u00e9 et on la d\u00e9pose dans un moule \u00e0 bord haut que l&rsquo;on aura pr\u00e9alablement beurr\u00e9 et farin\u00e9. La cro\u00fbte doit \u00eatre \u00e9tanche donc pas trop fine, aussi on badigeonne la p\u00e2te\u00a0 au pinceau avec de l&rsquo;eau et la fait s\u00e9cher au four pendant 10 minutes \u00e0 160\u00b0C.<\/p>\n<h5><strong>Pr\u00e9paration de la fioun\u00e9e<\/strong><\/h5>\n<p>On fait chauffer le lait et le sucre dans une casserole puis on le laisse refroidir un moment (pour ne pas cuire les \u0153ufs). Puis, dans un saladier ou une casserole, on bat les \u0153ufs en omelette et on ajoute la fleur d&rsquo;oranger et la cannelle. On m\u00e9lange bien et on retire la mousse avec une passoire ou une cuill\u00e8re. Puis on verse la pr\u00e9paration sur la p\u00e2te pr\u00e9cuite.<\/p>\n<p>La cuisson se passe en trois temps : on commence par un four \u00e0 120\u00b0C pendant 40 minutes puis on augmente \u00e0 180\u00b0C pendant 20 minutes et on termine \u00e0 210\u00b0C pendant 10 minutes.<\/p>\n<p>On le d\u00e9gustera apr\u00e8s l&rsquo;avoir laisser refroidir. On peut d&rsquo;ailleurs placer le fion au frigo.<\/p>\n<p>On d\u00e9moule pour le servir et m\u00eame que certains adoreront mettre un doigt dans le fion (d\u00e9sol\u00e9).<\/p>\n<p><strong><span style=\"color: #0000ff;\">Un point d&rsquo;histoire :<\/span> <\/strong>Le mot fion vient du patois : flan se disait fllun, fiun\u2026\u00a0de l\u00e0 \u00e0 ce que \u00e7a finisse en\u00a0fion il n\u2019y avait qu\u2019un pas tr\u00e8s rabelaisien !<\/p>\n<p>Pour terminer, j&rsquo;ai trouv\u00e9 une r\u00e9alisation par une <a href=\"https:\/\/unecuillereepourpapa.net\/le-fion-maraichin\/\">m\u00e9thode ancestrale.<\/a><\/p>\n<p>&nbsp;<\/p>\n","protected":false},"excerpt":{"rendered":"<p>Avant-propos : Premier essai mitig\u00e9, il y a des choses \u00e0 revoir. La p\u00e2te tout d&rsquo;abord \u00e9tait trop \u00e9paisse et n&rsquo;a pas tenu, les flancs se sont \u00e9croul\u00e9s. Par contre, bon truc que le fait de beurr\u00e9 le plat puis de le farin\u00e9, r\u00e9sultat, \u00e7a n&rsquo;a pas coll\u00e9. Autre truc bizarre dont je n&rsquo;ai pas &hellip; <a href=\"http:\/\/sitaleon.fr\/faitmaison\/le-fion-vendeen\/\" class=\"more-link\">Continuer la lecture de <span class=\"screen-reader-text\">Le fion vend\u00e9en<\/span> <span class=\"meta-nav\">&rarr;<\/span><\/a><\/p>\n","protected":false},"author":1,"featured_media":0,"parent":0,"menu_order":0,"comment_status":"closed","ping_status":"closed","template":"","meta":[],"_links":{"self":[{"href":"http:\/\/sitaleon.fr\/faitmaison\/wp-json\/wp\/v2\/pages\/286"}],"collection":[{"href":"http:\/\/sitaleon.fr\/faitmaison\/wp-json\/wp\/v2\/pages"}],"about":[{"href":"http:\/\/sitaleon.fr\/faitmaison\/wp-json\/wp\/v2\/types\/page"}],"author":[{"embeddable":true,"href":"http:\/\/sitaleon.fr\/faitmaison\/wp-json\/wp\/v2\/users\/1"}],"replies":[{"embeddable":true,"href":"http:\/\/sitaleon.fr\/faitmaison\/wp-json\/wp\/v2\/comments?post=286"}],"version-history":[{"count":16,"href":"http:\/\/sitaleon.fr\/faitmaison\/wp-json\/wp\/v2\/pages\/286\/revisions"}],"predecessor-version":[{"id":318,"href":"http:\/\/sitaleon.fr\/faitmaison\/wp-json\/wp\/v2\/pages\/286\/revisions\/318"}],"wp:attachment":[{"href":"http:\/\/sitaleon.fr\/faitmaison\/wp-json\/wp\/v2\/media?parent=286"}],"curies":[{"name":"wp","href":"https:\/\/api.w.org\/{rel}","templated":true}]}}