{"id":2,"date":"2018-01-21T14:55:21","date_gmt":"2018-01-21T14:55:21","guid":{"rendered":"http:\/\/sitaleon.fr\/faitmaison\/?page_id=2"},"modified":"2018-04-02T09:06:32","modified_gmt":"2018-04-02T08:06:32","slug":"accueil","status":"publish","type":"page","link":"http:\/\/sitaleon.fr\/faitmaison\/","title":{"rendered":"Tous en cuisine !"},"content":{"rendered":"<p>Quel plaisir de faire la cuisine ! Un plat complet ou un petit dessert pour la famille et les amis, c\u2019est un plaisir simple mais qui a pourtant une vertu incroyable, celle de laisser, si on a r\u00e9ussi sa recette, un souvenir imp\u00e9rissable chez les convives.<\/p>\n<p>Au fil du temps, on a voulu conserver les recettes que nous aimions faire, d&rsquo;abord pour s&rsquo;en souvenir nous-m\u00eames et ce furent le petit recueil \u00ab\u00a0Les recettes de Tata Isa\u00a0\u00bb. Mais ce moyen est difficile \u00e0 partager et \u00e0 faire \u00e9voluer. Alors, la solution d\u2019un blog d\u00e9di\u00e9 est apparue naturellement et prend place dans notre domaine <a href=\"http:\/\/sitaleon.fr\">sitaleon.fr<\/a>.<\/p>\n<p>Mais ici, il n&rsquo;y a aucun plat \u00ab\u00a0revisit\u00e9\u00a0\u00bb, aucune sophistication, rien que des plats simples, traditionnels et faits avec des aliments faciles \u00e0 trouver. Voici donc nos plats favoris, les diots et crozets de Tata Isa, la blanquette de veau du p\u00e8re L\u00e9on mais plein d\u2019autres choses encore. A suivre donc\u2026<\/p>\n","protected":false},"excerpt":{"rendered":"<p>Quel plaisir de faire la cuisine ! Un plat complet ou un petit dessert pour la famille et les amis, c\u2019est un plaisir simple mais qui a pourtant une vertu incroyable, celle de laisser, si on a r\u00e9ussi sa recette, un souvenir imp\u00e9rissable chez les convives. Au fil du temps, on a voulu conserver les &hellip; <a href=\"http:\/\/sitaleon.fr\/faitmaison\/\" class=\"more-link\">Continuer la lecture de <span class=\"screen-reader-text\">Tous en cuisine !<\/span> <span class=\"meta-nav\">&rarr;<\/span><\/a><\/p>\n","protected":false},"author":1,"featured_media":0,"parent":0,"menu_order":0,"comment_status":"closed","ping_status":"open","template":"","meta":[],"_links":{"self":[{"href":"http:\/\/sitaleon.fr\/faitmaison\/wp-json\/wp\/v2\/pages\/2"}],"collection":[{"href":"http:\/\/sitaleon.fr\/faitmaison\/wp-json\/wp\/v2\/pages"}],"about":[{"href":"http:\/\/sitaleon.fr\/faitmaison\/wp-json\/wp\/v2\/types\/page"}],"author":[{"embeddable":true,"href":"http:\/\/sitaleon.fr\/faitmaison\/wp-json\/wp\/v2\/users\/1"}],"replies":[{"embeddable":true,"href":"http:\/\/sitaleon.fr\/faitmaison\/wp-json\/wp\/v2\/comments?post=2"}],"version-history":[{"count":10,"href":"http:\/\/sitaleon.fr\/faitmaison\/wp-json\/wp\/v2\/pages\/2\/revisions"}],"predecessor-version":[{"id":312,"href":"http:\/\/sitaleon.fr\/faitmaison\/wp-json\/wp\/v2\/pages\/2\/revisions\/312"}],"wp:attachment":[{"href":"http:\/\/sitaleon.fr\/faitmaison\/wp-json\/wp\/v2\/media?parent=2"}],"curies":[{"name":"wp","href":"https:\/\/api.w.org\/{rel}","templated":true}]}}