{"id":144,"date":"2018-02-10T10:41:17","date_gmt":"2018-02-10T09:41:17","guid":{"rendered":"http:\/\/sitaleon.fr\/faitmaison\/?p=144"},"modified":"2018-03-31T12:59:45","modified_gmt":"2018-03-31T11:59:45","slug":"filet-mignon-en-croute-du-pere-leon","status":"publish","type":"page","link":"http:\/\/sitaleon.fr\/faitmaison\/accueil\/les-plats\/filet-mignon-en-croute-du-pere-leon\/","title":{"rendered":"Filet mignon en croute du P\u00e8re Leon"},"content":{"rendered":"<p>Un filet mignon de porc en croute, plat simple, facile \u00e0 faire et d\u00e9licieux.<\/p>\n<p><span style=\"color: #0000ff;\"><strong>Pr\u00e9paration (pr\u00e9paration + cuisson)\u00a0:<\/strong><\/span> 15 minutes + 45 minutes<br \/>\n<span style=\"color: #0000ff;\"><strong>Niveau de difficult\u00e9\u00a0:<\/strong> <\/span>Facile<br \/>\n<span style=\"color: #0000ff;\"><strong>Co\u00fbt\u00a0: <\/strong><\/span>Moyen<\/p>\n<table>\n<tbody>\n<tr>\n<td width=\"312\">1 p\u00e2te feuillet\u00e9e<br \/>\n1 filet mignon<br \/>\n1 oignon<br \/>\n1 jaune d\u2019\u0153uf<br \/>\n2 tranches de jambon<br \/>\n100 grammes de fromage r\u00e2p\u00e9<br \/>\nhuile d&rsquo;olive, sel, poivre<\/td>\n<td width=\"338\"><img loading=\"lazy\" class=\"alignnone size-medium wp-image-153\" src=\"http:\/\/sitaleon.fr\/faitmaison\/wp-content\/uploads\/2018\/02\/filet-mignon-en-croute-1-300x205.jpg\" alt=\"\" width=\"300\" height=\"205\" srcset=\"http:\/\/sitaleon.fr\/faitmaison\/wp-content\/uploads\/2018\/02\/filet-mignon-en-croute-1-300x205.jpg 300w, http:\/\/sitaleon.fr\/faitmaison\/wp-content\/uploads\/2018\/02\/filet-mignon-en-croute-1-768x526.jpg 768w, http:\/\/sitaleon.fr\/faitmaison\/wp-content\/uploads\/2018\/02\/filet-mignon-en-croute-1-1024x701.jpg 1024w\" sizes=\"(max-width: 300px) 100vw, 300px\" \/><\/td>\n<\/tr>\n<\/tbody>\n<\/table>\n<h3>La m\u00e9thode du L\u00e9on<\/h3>\n<p>On s&rsquo;occupe d&rsquo;abord des oignons que l&rsquo;on \u00e9mince et que l&rsquo;on fait revenir dans un peu d&rsquo;huile d&rsquo;olive jusqu&rsquo;\u00e0 ce qu&rsquo;ils prennent une belle couleur dor\u00e9e.<\/p>\n<p>On les r\u00e9serve dans une petite assiette et l&rsquo;on fait revenir le filet mignon dans la m\u00eame po\u00eale avec l&rsquo;huile d&rsquo;olive et on le laisse cuire une dizaine de minutes \u00e0 feu doux. Puis on r\u00e9int\u00e8gre les oignons pour encore quelques minutes avec du sel et du poivre.<\/p>\n<p>Pendant ce temps, on \u00e9tale la p\u00e2te feuillet\u00e9e, on pose les 2 tranches de jambon recouvertes de fromage r\u00e2p\u00e9. On y d\u00e9pose le filet mignon que l&rsquo;on nappe avec les oignons et la sauce. On referme la p\u00e2te autour du filet mignon et l&rsquo;on soude le tout avec du jaune d\u2019\u0153uf.<\/p>\n<p>Et c&rsquo;est parti pour 45 minutes de cuisson dans un four \u00e0 200\u00b0C.<\/p>\n","protected":false},"excerpt":{"rendered":"<p>Un filet mignon de porc en croute, plat simple, facile \u00e0 faire et d\u00e9licieux. Pr\u00e9paration (pr\u00e9paration + cuisson)\u00a0: 15 minutes + 45 minutes Niveau de difficult\u00e9\u00a0: Facile Co\u00fbt\u00a0: Moyen 1 p\u00e2te feuillet\u00e9e 1 filet mignon 1 oignon 1 jaune d\u2019\u0153uf 2 tranches de jambon 100 grammes de fromage r\u00e2p\u00e9 huile d&rsquo;olive, sel, poivre La m\u00e9thode &hellip; <a href=\"http:\/\/sitaleon.fr\/faitmaison\/accueil\/les-plats\/filet-mignon-en-croute-du-pere-leon\/\" class=\"more-link\">Continuer la lecture de <span class=\"screen-reader-text\">Filet mignon en croute du P\u00e8re Leon<\/span> <span class=\"meta-nav\">&rarr;<\/span><\/a><\/p>\n","protected":false},"author":1,"featured_media":0,"parent":240,"menu_order":0,"comment_status":"open","ping_status":"closed","template":"","meta":[],"_links":{"self":[{"href":"http:\/\/sitaleon.fr\/faitmaison\/wp-json\/wp\/v2\/pages\/144"}],"collection":[{"href":"http:\/\/sitaleon.fr\/faitmaison\/wp-json\/wp\/v2\/pages"}],"about":[{"href":"http:\/\/sitaleon.fr\/faitmaison\/wp-json\/wp\/v2\/types\/page"}],"author":[{"embeddable":true,"href":"http:\/\/sitaleon.fr\/faitmaison\/wp-json\/wp\/v2\/users\/1"}],"replies":[{"embeddable":true,"href":"http:\/\/sitaleon.fr\/faitmaison\/wp-json\/wp\/v2\/comments?post=144"}],"version-history":[{"count":7,"href":"http:\/\/sitaleon.fr\/faitmaison\/wp-json\/wp\/v2\/pages\/144\/revisions"}],"predecessor-version":[{"id":154,"href":"http:\/\/sitaleon.fr\/faitmaison\/wp-json\/wp\/v2\/pages\/144\/revisions\/154"}],"up":[{"embeddable":true,"href":"http:\/\/sitaleon.fr\/faitmaison\/wp-json\/wp\/v2\/pages\/240"}],"wp:attachment":[{"href":"http:\/\/sitaleon.fr\/faitmaison\/wp-json\/wp\/v2\/media?parent=144"}],"curies":[{"name":"wp","href":"https:\/\/api.w.org\/{rel}","templated":true}]}}