{"id":124,"date":"2018-02-04T15:16:43","date_gmt":"2018-02-04T14:16:43","guid":{"rendered":"http:\/\/sitaleon.fr\/faitmaison\/?p=124"},"modified":"2020-05-10T14:13:36","modified_gmt":"2020-05-10T13:13:36","slug":"je-je-suis-libertine-je-suis-une-tatin","status":"publish","type":"page","link":"http:\/\/sitaleon.fr\/faitmaison\/accueil\/les-desserts\/je-je-suis-libertine-je-suis-une-tatin\/","title":{"rendered":"Je&#8230; je&#8230; suis libertine&#8230; je suis une Tatin"},"content":{"rendered":"<p>Alle\u00ef, c&rsquo;est le moment du deuxi\u00e8me essai avec des quantit\u00e9s revues.<\/p>\n<p>J&rsquo;ai utilis\u00e9 du sucre de canne et il y a peut-\u00eatre encore un peu trop de beurre. Faudrait tenter 30 grammes de beurre, \u00e7a devrait suffire. Et pourquoi pas du beurre sal\u00e9&#8230;<\/p>\n<p>Ayest, j&rsquo;ai FAIM ! ! ! !<\/p>\n<p><span style=\"color: #0000ff;\"><strong>Pr\u00e9paration (pr\u00e9paration + cuisson)\u00a0:<\/strong> <\/span>une petite heure<br \/>\n<span style=\"color: #0000ff;\"><strong>Niveau de difficult\u00e9\u00a0:<\/strong><\/span> Facile<br \/>\n<span style=\"color: #0000ff;\"><strong>Co\u00fbt\u00a0: <\/strong><\/span>Bon march\u00e9<\/p>\n<table>\n<tbody>\n<tr>\n<td width=\"312\">1 p\u00e2te bris\u00e9e<br \/>\n6 \u00e0 8 pommes<br \/>\n50 gramme de beurre<br \/>\n100 grammes de sucre en poudre<br \/>\nDe la cannelle en poudre (\u00e0 votre convenance)<\/td>\n<td width=\"338\"><img loading=\"lazy\" class=\"alignnone size-medium wp-image-520\" src=\"http:\/\/sitaleon.fr\/faitmaison\/wp-content\/uploads\/2020\/05\/IMG_1383-225x300.jpg\" alt=\"\" width=\"225\" height=\"300\" srcset=\"http:\/\/sitaleon.fr\/faitmaison\/wp-content\/uploads\/2020\/05\/IMG_1383-225x300.jpg 225w, http:\/\/sitaleon.fr\/faitmaison\/wp-content\/uploads\/2020\/05\/IMG_1383-768x1024.jpg 768w, http:\/\/sitaleon.fr\/faitmaison\/wp-content\/uploads\/2020\/05\/IMG_1383-1152x1536.jpg 1152w, http:\/\/sitaleon.fr\/faitmaison\/wp-content\/uploads\/2020\/05\/IMG_1383-1536x2048.jpg 1536w, http:\/\/sitaleon.fr\/faitmaison\/wp-content\/uploads\/2020\/05\/IMG_1383-scaled.jpg 1920w\" sizes=\"(max-width: 225px) 100vw, 225px\" \/><\/td>\n<\/tr>\n<\/tbody>\n<\/table>\n<h3>La m\u00e9thode du L\u00e9on<\/h3>\n<p>C&rsquo;est \u00e9videmment meilleur si vous faites la p\u00e2te bris\u00e9e vous-m\u00eame. Mais bon, toute faite, \u00e7a va aussi.<\/p>\n<p>On commence par \u00e9plucher les pommes que l&rsquo;on coupe en tranches ou en d\u00e9s. On peut les faire pr\u00e9cuire dans une po\u00eale avec de la cannelle en poudre.<\/p>\n<p>Puis on pr\u00e9pare le caramel. Pour cela, on met le beurre en morceaux dans une casserole et le sucre sur un feu doux pendant environ 5 minutes. Dans le m\u00eame temps, on met le four \u00e0 pr\u00e9chauffer \u00e0 210\u00b0C soit thermostat 7.<\/p>\n<p>On verse le caramel lorsqu&rsquo;il aura pris sa belle couleur du m\u00eame nom dans un moule \u00e0 tarte puis on d\u00e9pose r\u00e9guli\u00e8rement les pommes en morceaux ou en vrac si elles sont en morceaux. Il est temps d&rsquo;enfourner le plat \u00e0 tarte pendant 25 \u00e0 30 minutes \u00e0 210\u00b0C soit thermostat 7.<\/p>\n<p>On sort du four le plat \u00e0 tarte que l&rsquo;on recouvre par la p\u00e2te bris\u00e9e tout en repliant (en enfon\u00e7ant) les bords de la p\u00e2te qui doit si possible descendre jusqu&rsquo;au caramel. N&rsquo;oubliez pas de percer la p\u00e2te \u00e0 l&rsquo;aide d&rsquo;une fourchette. On termine la cuisson au four pendant 20 \u00e0 25 minutes.<\/p>\n<p>Enfin, il faut retourner la tarte sur le plat de pr\u00e9sentation, sans se bruler et en y allant avec pr\u00e9caution pour ne pas risquer de voir couler le caramel !<\/p>\n<p>En accompagnement, c&rsquo;est cr\u00e8me fraiche ou \u00e0 la rigueur, une boule de glace vanille.<\/p>\n<p><strong>Un point d&rsquo;histoire : <\/strong>Son invention accidentelle par les s\u0153urs Tatin (Caroline &amp; St\u00e9phanie) de Lamotte-Beuvron est une histoire invent\u00e9e par le critique culinaire Curnonsky qui a lanc\u00e9 la mode de ce dessert \u00e0 Paris en 1926. Selon Curnonsky, ce serait le restaurateur Louis Vaudable, propri\u00e9taire de Maxim&rsquo;s, qui en aurait d\u00e9couvert le secret lors d&rsquo;un d\u00eener \u00e0 l&rsquo;auberge des s\u0153urs Tatin, alors qu&rsquo;il venait chasser en Sologne. Curnonsky a pr\u00e9sent\u00e9 cette tarte sous le nom de \u00ab tarte des demoiselles Tatin \u00bb, inventant pour l&rsquo;occasion l&rsquo;histoire de la maladresse d&rsquo;une des s\u0153urs Tatin, la tarte \u00e9tant en r\u00e9alit\u00e9 l\u2019\u0153uvre du p\u00e2tissier de Maxim&rsquo;s.<\/p>\n<p>&nbsp;<\/p>\n<p><strong>\u00a0<\/strong><\/p>\n","protected":false},"excerpt":{"rendered":"<p>Alle\u00ef, c&rsquo;est le moment du deuxi\u00e8me essai avec des quantit\u00e9s revues. J&rsquo;ai utilis\u00e9 du sucre de canne et il y a peut-\u00eatre encore un peu trop de beurre. Faudrait tenter 30 grammes de beurre, \u00e7a devrait suffire. Et pourquoi pas du beurre sal\u00e9&#8230; Ayest, j&rsquo;ai FAIM ! ! ! ! Pr\u00e9paration (pr\u00e9paration + cuisson)\u00a0: une &hellip; <a href=\"http:\/\/sitaleon.fr\/faitmaison\/accueil\/les-desserts\/je-je-suis-libertine-je-suis-une-tatin\/\" class=\"more-link\">Continuer la lecture de <span class=\"screen-reader-text\">Je&#8230; je&#8230; suis libertine&#8230; je suis une Tatin<\/span> <span class=\"meta-nav\">&rarr;<\/span><\/a><\/p>\n","protected":false},"author":1,"featured_media":0,"parent":245,"menu_order":0,"comment_status":"open","ping_status":"closed","template":"","meta":[],"_links":{"self":[{"href":"http:\/\/sitaleon.fr\/faitmaison\/wp-json\/wp\/v2\/pages\/124"}],"collection":[{"href":"http:\/\/sitaleon.fr\/faitmaison\/wp-json\/wp\/v2\/pages"}],"about":[{"href":"http:\/\/sitaleon.fr\/faitmaison\/wp-json\/wp\/v2\/types\/page"}],"author":[{"embeddable":true,"href":"http:\/\/sitaleon.fr\/faitmaison\/wp-json\/wp\/v2\/users\/1"}],"replies":[{"embeddable":true,"href":"http:\/\/sitaleon.fr\/faitmaison\/wp-json\/wp\/v2\/comments?post=124"}],"version-history":[{"count":12,"href":"http:\/\/sitaleon.fr\/faitmaison\/wp-json\/wp\/v2\/pages\/124\/revisions"}],"predecessor-version":[{"id":534,"href":"http:\/\/sitaleon.fr\/faitmaison\/wp-json\/wp\/v2\/pages\/124\/revisions\/534"}],"up":[{"embeddable":true,"href":"http:\/\/sitaleon.fr\/faitmaison\/wp-json\/wp\/v2\/pages\/245"}],"wp:attachment":[{"href":"http:\/\/sitaleon.fr\/faitmaison\/wp-json\/wp\/v2\/media?parent=124"}],"curies":[{"name":"wp","href":"https:\/\/api.w.org\/{rel}","templated":true}]}}