{"id":107,"date":"2018-01-22T09:21:44","date_gmt":"2018-01-22T09:21:44","guid":{"rendered":"http:\/\/sitaleon.fr\/faitmaison\/?p=107"},"modified":"2019-11-27T15:18:36","modified_gmt":"2019-11-27T14:18:36","slug":"les-keftas-boulettes-de-viande","status":"publish","type":"page","link":"http:\/\/sitaleon.fr\/faitmaison\/accueil\/les-plats\/les-keftas-boulettes-de-viande\/","title":{"rendered":"Les keftas (boulettes de viande)"},"content":{"rendered":"<p>Il faut que je me lance aussi dans la fabrication de kefta, les boulettes de viande. J&rsquo;ai bien une recette, il ne manque que l&rsquo;occasion de la valider&#8230;<br \/>\nC&rsquo;est fait !<\/p>\n<p><span style=\"color: #0000ff;\"><strong>Pr\u00e9paration (pr\u00e9paration + cuisson)\u00a0:<\/strong> <\/span>\u00c7a d\u00e9pend, \u00e7a d\u00e9passe !<br \/>\n<span style=\"color: #0000ff;\"><strong>Niveau de difficult\u00e9\u00a0:<\/strong> <\/span>Pas cher<br \/>\n<strong><span style=\"color: #0000ff;\">Co\u00fbt\u00a0:<\/span> <\/strong>Facile (ou l&rsquo;inverse)<\/p>\n<table>\n<tbody>\n<tr>\n<td width=\"312\">500g B\u0153uf hach\u00e9<br \/>\n1 Oignon<br \/>\n1 cuill\u00e8re \u00e0 coupe de cumin<br \/>\n1\/2 cuill\u00e8re \u00e0 caf\u00e9 de paprika<br \/>\nHuile d&rsquo;olive<br \/>\nHuile blanche<br \/>\nPersil et\/ou coriandre<br \/>\nSel et poivre<\/td>\n<td style=\"text-align: center;\" width=\"338\"><img loading=\"lazy\" class=\"alignnone size-medium wp-image-109\" src=\"http:\/\/sitaleon.fr\/faitmaison\/wp-content\/uploads\/2018\/01\/kefta-300x203.jpg\" alt=\"\" width=\"300\" height=\"203\" srcset=\"http:\/\/sitaleon.fr\/faitmaison\/wp-content\/uploads\/2018\/01\/kefta-300x203.jpg 300w, http:\/\/sitaleon.fr\/faitmaison\/wp-content\/uploads\/2018\/01\/kefta-768x521.jpg 768w, http:\/\/sitaleon.fr\/faitmaison\/wp-content\/uploads\/2018\/01\/kefta.jpg 832w\" sizes=\"(max-width: 300px) 100vw, 300px\" \/><\/td>\n<\/tr>\n<\/tbody>\n<\/table>\n<h3>La m\u00e9thode du L\u00e9on<\/h3>\n<p>On coupe grossi\u00e8rement l&rsquo;oignon et on le met dans un mixer avec le cumin, le paprika, les herbes ainsi que le sel et le poivre. On peut aussi ajouter de l&rsquo;ail et on mixe le tout.<\/p>\n<p>Puis, on m\u00e9lange ces \u00e9pices, un filet d&rsquo;huile d&rsquo;olive et la viande hach\u00e9e, tout \u00e0 la main c&rsquo;est beaucoup plus facile.<\/p>\n<p>Reste \u00e0 faire les boulettes. L\u00e0, il y a un truc : on met de l&rsquo;huile blanche dans un petit r\u00e9cipient (verre ou bol), on se mouille les extr\u00e9mit\u00e9s des doigts et la paume des mains et on forme les boulettes comme lorsqu&rsquo;on \u00e9tait m\u00f4me, on faisait des boules avec la p\u00e2te \u00e0 modeler.<\/p>\n<p>Il faut maintenant les faire cuire (pas br\u00fbler !) dans une po\u00eale avec de l&rsquo;huile d&rsquo;olive.<\/p>\n","protected":false},"excerpt":{"rendered":"<p>Il faut que je me lance aussi dans la fabrication de kefta, les boulettes de viande. J&rsquo;ai bien une recette, il ne manque que l&rsquo;occasion de la valider&#8230; C&rsquo;est fait ! Pr\u00e9paration (pr\u00e9paration + cuisson)\u00a0: \u00c7a d\u00e9pend, \u00e7a d\u00e9passe ! Niveau de difficult\u00e9\u00a0: Pas cher Co\u00fbt\u00a0: Facile (ou l&rsquo;inverse) 500g B\u0153uf hach\u00e9 1 Oignon 1 &hellip; <a href=\"http:\/\/sitaleon.fr\/faitmaison\/accueil\/les-plats\/les-keftas-boulettes-de-viande\/\" class=\"more-link\">Continuer la lecture de <span class=\"screen-reader-text\">Les keftas (boulettes de viande)<\/span> <span class=\"meta-nav\">&rarr;<\/span><\/a><\/p>\n","protected":false},"author":1,"featured_media":0,"parent":240,"menu_order":0,"comment_status":"open","ping_status":"open","template":"","meta":[],"_links":{"self":[{"href":"http:\/\/sitaleon.fr\/faitmaison\/wp-json\/wp\/v2\/pages\/107"}],"collection":[{"href":"http:\/\/sitaleon.fr\/faitmaison\/wp-json\/wp\/v2\/pages"}],"about":[{"href":"http:\/\/sitaleon.fr\/faitmaison\/wp-json\/wp\/v2\/types\/page"}],"author":[{"embeddable":true,"href":"http:\/\/sitaleon.fr\/faitmaison\/wp-json\/wp\/v2\/users\/1"}],"replies":[{"embeddable":true,"href":"http:\/\/sitaleon.fr\/faitmaison\/wp-json\/wp\/v2\/comments?post=107"}],"version-history":[{"count":7,"href":"http:\/\/sitaleon.fr\/faitmaison\/wp-json\/wp\/v2\/pages\/107\/revisions"}],"predecessor-version":[{"id":438,"href":"http:\/\/sitaleon.fr\/faitmaison\/wp-json\/wp\/v2\/pages\/107\/revisions\/438"}],"up":[{"embeddable":true,"href":"http:\/\/sitaleon.fr\/faitmaison\/wp-json\/wp\/v2\/pages\/240"}],"wp:attachment":[{"href":"http:\/\/sitaleon.fr\/faitmaison\/wp-json\/wp\/v2\/media?parent=107"}],"curies":[{"name":"wp","href":"https:\/\/api.w.org\/{rel}","templated":true}]}}